{"id":7293,"date":"2026-01-28T19:00:04","date_gmt":"2026-01-28T18:00:04","guid":{"rendered":"https:\/\/melbi.rs\/?post_type=product&#038;p=7293"},"modified":"2026-04-29T15:42:03","modified_gmt":"2026-04-29T13:42:03","slug":"mango-body-lotion-spf-30","status":"publish","type":"product","link":"https:\/\/melbi.rs\/en\/proizvod\/mango-body-lotion-spf-30\/","title":{"rendered":"Mango Body Lotion SPF 30"},"content":{"rendered":"","protected":false},"excerpt":{"rendered":"<p>Superhidrantni kremasti losion za za\u0161titu od sunca \u0161irokog UV spektra, SPF 30 koji \u0161titi, hrani i hidrira va\u0161u ko\u017eu ostavljaju\u0107i je svilenkasto glatkom na dodir nakon upotrebe. Ova jedinstvena egzoti\u010dna formula oboga\u0107ena prirodnim puterima (mango, shea, kakao i kokos), kao i uljima masline, jojobe i makadamije, vitaminima A, C i E predstavlja antioksidantnu za\u0161titu va\u0161e ko\u017ee od slobodnih radikala i fotostarenja izazvanog UV zracima. Lako se upija.<\/p>\n<p>Sastojci: mango, kakao, shea i kokosov puter, ekstrakt manga, mandarine i aloje, morski kolagen, vitamini C, F i E.<\/p>\n<p><a href=\"https:\/\/melbi.rs\/wp-content\/uploads\/2026\/03\/3.-Mango-Body-Lotion-SPF30-200ml.pdf\" target=\"_blank\" rel=\"noopener\"><strong>Preuzmite deklaraciju proizvoda<\/strong><\/a><\/p>","protected":false},"featured_media":7058,"template":"","meta":[],"product_brand":[],"product_cat":[255,271],"product_tag":[],"class_list":{"0":"post-7293","1":"product","2":"type-product","3":"status-publish","4":"has-post-thumbnail","6":"product_cat-specijalizovani-program-za-negu-tela","7":"product_cat-zastita-od-sunca","9":"first","10":"instock","11":"shipping-taxable","12":"purchasable","13":"product-type-simple"},"_links":{"self":[{"href":"https:\/\/melbi.rs\/en\/wp-json\/wp\/v2\/product\/7293","targetHints":{"allow":["GET"]}}],"collection":[{"href":"https:\/\/melbi.rs\/en\/wp-json\/wp\/v2\/product"}],"about":[{"href":"https:\/\/melbi.rs\/en\/wp-json\/wp\/v2\/types\/product"}],"wp:featuredmedia":[{"embeddable":true,"href":"https:\/\/melbi.rs\/en\/wp-json\/wp\/v2\/media\/7058"}],"wp:attachment":[{"href":"https:\/\/melbi.rs\/en\/wp-json\/wp\/v2\/media?parent=7293"}],"wp:term":[{"taxonomy":"product_brand","embeddable":true,"href":"https:\/\/melbi.rs\/en\/wp-json\/wp\/v2\/product_brand?post=7293"},{"taxonomy":"product_cat","embeddable":true,"href":"https:\/\/melbi.rs\/en\/wp-json\/wp\/v2\/product_cat?post=7293"},{"taxonomy":"product_tag","embeddable":true,"href":"https:\/\/melbi.rs\/en\/wp-json\/wp\/v2\/product_tag?post=7293"}],"curies":[{"name":"wp","href":"https:\/\/api.w.org\/{rel}","templated":true}]}}