{"id":6181,"date":"2024-09-08T17:35:59","date_gmt":"2024-09-08T15:35:59","guid":{"rendered":"https:\/\/melbi.rs\/?post_type=product&#038;p=6181"},"modified":"2026-04-03T16:05:39","modified_gmt":"2026-04-03T14:05:39","slug":"biodroga-daily-defense-dd-cream-spf-25-light","status":"publish","type":"product","link":"https:\/\/melbi.rs\/en\/proizvod\/biodroga-daily-defense-dd-cream-spf-25-light\/","title":{"rendered":"Biodroga Daily Defense DD cream spf 25 Light"},"content":{"rendered":"<p>DD krema SPF 25 iz BIODROGA MD linije proizvoda je karakteristi\u010dna po \u0161estostrukom efektu: ima antioksidativna svojstva, bori se protiv prevremenog starenja i gubitka elasti\u010dnosti ko\u017ee. Hidrira ko\u017eu, pobolj\u0161ava izgled, ujedna\u010dava boju tena i \u0161titi je od UV zra\u010denja.<\/p>\n<p>DD krema SPF 25 iz BIODROGA MD linije proizvoda je dostupna u dve nijanse: svetla i tamna i savr\u0161eno se prilago\u0111avaju odgovaraju\u0107em tipu ko\u017ee: svetla nijansa je namenjena za bledu ko\u017eu, dok je tamna varijanta namenjena za tamniju ko\u017eu i ko\u017eu koja je dobila ten usled sun\u010danja tokom leta.<\/p>\n<p><strong>Tip ko\u017ee<\/strong>: svi tipovi ko\u017ea<\/p>\n<p><strong>Namena:<\/strong> ujedna\u010davanje boje tena, korekcija, nega i za\u0161tita<\/p>\n<p><strong>Doba dana:<\/strong> jutro, naneti nakon redovne nege<\/p>\n<p><strong>Primena:<\/strong>\u00a0mala koli\u010dina preparata kru\u017enim pokretima se utrlja na celu povr\u0161inu lica, ton kreme se prilago\u0111ava prirodnom tonu ko\u017ee<\/p>\n<p><a href=\"#\" target=\"_blank\" rel=\"noopener\"><strong>Preuzmite deklaraciju proizvoda<\/strong><\/a><\/p>\n<p>&nbsp;<\/p>","protected":false},"excerpt":{"rendered":"<p>DD krema SPF 25 iz BIODROGA MD linije proizvoda je karakteristi\u010dna po \u0161estostrukom efektu: ima antioksidativna svojstva, bori se protiv prevremenog starenja i gubitka elasti\u010dnosti ko\u017ee. Hidrira ko\u017eu, pobolj\u0161ava izgled, ujedna\u010dava boju tena i \u0161titi je od UV zra\u010denja. DD krema SPF 25 iz BIODROGA MD linije proizvoda je dostupna u dve nijanse: svetla i [&hellip;]<\/p>\n","protected":false},"featured_media":6183,"template":"","meta":[],"product_brand":[],"product_cat":[270],"product_tag":[],"class_list":{"0":"post-6181","1":"product","2":"type-product","3":"status-publish","4":"has-post-thumbnail","6":"product_cat-biodroga-dd-krema","8":"first","9":"instock","10":"sale","11":"shipping-taxable","12":"purchasable","13":"product-type-simple"},"_links":{"self":[{"href":"https:\/\/melbi.rs\/en\/wp-json\/wp\/v2\/product\/6181","targetHints":{"allow":["GET"]}}],"collection":[{"href":"https:\/\/melbi.rs\/en\/wp-json\/wp\/v2\/product"}],"about":[{"href":"https:\/\/melbi.rs\/en\/wp-json\/wp\/v2\/types\/product"}],"wp:featuredmedia":[{"embeddable":true,"href":"https:\/\/melbi.rs\/en\/wp-json\/wp\/v2\/media\/6183"}],"wp:attachment":[{"href":"https:\/\/melbi.rs\/en\/wp-json\/wp\/v2\/media?parent=6181"}],"wp:term":[{"taxonomy":"product_brand","embeddable":true,"href":"https:\/\/melbi.rs\/en\/wp-json\/wp\/v2\/product_brand?post=6181"},{"taxonomy":"product_cat","embeddable":true,"href":"https:\/\/melbi.rs\/en\/wp-json\/wp\/v2\/product_cat?post=6181"},{"taxonomy":"product_tag","embeddable":true,"href":"https:\/\/melbi.rs\/en\/wp-json\/wp\/v2\/product_tag?post=6181"}],"curies":[{"name":"wp","href":"https:\/\/api.w.org\/{rel}","templated":true}]}}