{"id":5678,"date":"2023-12-09T08:40:36","date_gmt":"2023-12-09T07:40:36","guid":{"rendered":"https:\/\/melbi.rs\/?post_type=product&#038;p=5678"},"modified":"2026-04-29T15:42:03","modified_gmt":"2026-04-29T13:42:03","slug":"anticellulite-body-lotion","status":"publish","type":"product","link":"https:\/\/melbi.rs\/en\/proizvod\/anticellulite-body-lotion\/","title":{"rendered":"Anticellulite body lotion"},"content":{"rendered":"","protected":false},"excerpt":{"rendered":"<p>Zahvaljuju\u0107i delovanju posebno odabranih sastojaka anticelulit mleko neguje ko\u017eu i poma\u017ee u re\u0161avanju problema celulita. Preporu\u010duje se za negu ko\u017eu u predelima koji su zahva\u0107eni promenama, preparat pobolj\u0161ava cirkulaciju i tonus u problemati\u010dnim zonama, \u0161to je klju\u010d uspeha posebno izabranih biljaka. Mleko se brzo upija, ne ostavlja mastan film i zahvaljuju\u0107i svom bogatom hranljivom dejstvu ko\u017ea postaje meka i sjajsna nakon<br \/>\ntretmana.<\/p>\n<p><strong>Sastojci:<\/strong> kofein, karnitin, ginko, br\u0161ljan, arti\u010doka, grepfrut, bergamot.<\/p>\n<p><strong>Tip ko\u017ee:<\/strong> svi tipovi ko\u017ee.<\/p>\n<p><strong>Namena: <\/strong>smanjenje celulita,\u00a0hidrira, zate\u017ee.<\/p>\n<p><strong>Primena:<\/strong> naneti kremu kru\u017enim pokretima i utrljati u zone zahva\u0107ene celulitom.<\/p>\n<p><strong>Doba dana:<\/strong> dan i \/ili no\u0107.<\/p>\n<p><strong>Tip proizvoda:<\/strong> hidrantna emulzija.<\/p>\n<p><strong>Kompatibilni proizvodi:<\/strong> Lifting body butter.<\/p>\n<p><strong>Rok upotrebe nakon otvaranja pakovanja:<\/strong> 6 meseci.<\/p>\n<p><a href=\"#\" target=\"_blank\" rel=\"noopener\"><strong>Preuzmite deklaraciju proizvoda<\/strong><\/a><\/p>","protected":false},"featured_media":7084,"template":"","meta":[],"product_brand":[],"product_cat":[255],"product_tag":[],"class_list":{"0":"post-5678","1":"product","2":"type-product","3":"status-publish","4":"has-post-thumbnail","6":"product_cat-specijalizovani-program-za-negu-tela","8":"first","9":"instock","10":"shipping-taxable","11":"purchasable","12":"product-type-simple"},"_links":{"self":[{"href":"https:\/\/melbi.rs\/en\/wp-json\/wp\/v2\/product\/5678","targetHints":{"allow":["GET"]}}],"collection":[{"href":"https:\/\/melbi.rs\/en\/wp-json\/wp\/v2\/product"}],"about":[{"href":"https:\/\/melbi.rs\/en\/wp-json\/wp\/v2\/types\/product"}],"wp:featuredmedia":[{"embeddable":true,"href":"https:\/\/melbi.rs\/en\/wp-json\/wp\/v2\/media\/7084"}],"wp:attachment":[{"href":"https:\/\/melbi.rs\/en\/wp-json\/wp\/v2\/media?parent=5678"}],"wp:term":[{"taxonomy":"product_brand","embeddable":true,"href":"https:\/\/melbi.rs\/en\/wp-json\/wp\/v2\/product_brand?post=5678"},{"taxonomy":"product_cat","embeddable":true,"href":"https:\/\/melbi.rs\/en\/wp-json\/wp\/v2\/product_cat?post=5678"},{"taxonomy":"product_tag","embeddable":true,"href":"https:\/\/melbi.rs\/en\/wp-json\/wp\/v2\/product_tag?post=5678"}],"curies":[{"name":"wp","href":"https:\/\/api.w.org\/{rel}","templated":true}]}}