{"id":3933,"date":"2023-08-31T20:09:19","date_gmt":"2023-08-31T20:09:19","guid":{"rendered":"https:\/\/melbi.rs\/?post_type=product&#038;p=3933"},"modified":"2026-04-30T15:45:07","modified_gmt":"2026-04-30T13:45:07","slug":"stem-cell-regenerating-cream-2","status":"publish","type":"product","link":"https:\/\/melbi.rs\/en\/proizvod\/stem-cell-regenerating-cream-2\/","title":{"rendered":"Plant Stem Cell Booster Cream"},"content":{"rendered":"","protected":false},"excerpt":{"rendered":"<p>Regenerativna krema sa biljnim mati\u010dnim \u0107eijama argana, gro\u017e\u0111a i \u0161vajcarske jabuke sadr\u017ei i antioksidanse, hijaluronsku kiselinu, vitamine, aminokiseline i ceramide. Ovako izabrane aktivne supstance sinergi\u010dkim delovanjem obezbe\u0111uju regeneraciju ko\u017ee, \u0161tite je, zate\u017eu i toniraju, regeneri\u0161u daju\u0107i ko\u017ei sve\u017eiji i revitalizovani izgled. Krema je namenjena zreloj ko\u017ei normalna\/suva.<\/p>\n<hr style=\"height: 1px; border-width: 0; color: #f5f5f5; background-color: #f5f5f5;\" \/>\n<p><span style=\"color: #000000;\"><strong>Sastojci:<\/strong><\/span> mati\u010dne \u0107elije argana, gro\u017e\u0111a i \u0161vajcarske jabuke, aminokiseline, ceramidi, hijaluornska kiselina, vitamin A, C, B4, b5, E i F i beta glukan imuno kompleks<\/p>\n<hr style=\"height: 1px; border-width: 0; color: #f5f5f5; background-color: #f5f5f5;\" \/>\n<p><span style=\"color: #000000;\"><strong>Tip ko\u017ee:<\/strong><\/span> normalma i \/ili suva ko\u017ea.<\/p>\n<hr style=\"height: 1px; border-width: 0; color: #f5f5f5; background-color: #f5f5f5;\" \/>\n<p><span style=\"color: #000000;\"><strong>Namena:<\/strong><\/span> regeneri\u0161e, hidrira, antioksidansna za\u0161tita.<\/p>\n<hr style=\"height: 1px; border-width: 0; color: #f5f5f5; background-color: #f5f5f5;\" \/>\n<p><span style=\"color: #000000;\"><strong>Primena:<\/strong> <\/span>naneti na lice i vrat i utrljati kru\u017enim pokretima.<\/p>\n<hr style=\"height: 1px; border-width: 0; color: #f5f5f5; background-color: #f5f5f5;\" \/>\n<p><span style=\"color: #000000;\"><strong>Doba dana:<\/strong> <\/span>no\u0107 i\/ili dan.<\/p>\n<hr style=\"height: 1px; border-width: 0; color: #f5f5f5; background-color: #f5f5f5;\" \/>\n<p><span style=\"color: #000000;\"><strong>Tip proizvoda:<\/strong><\/span> hidrantni krem.<\/p>\n<hr style=\"height: 1px; border-width: 0; color: #f5f5f5; background-color: #f5f5f5;\" \/>\n<p><span style=\"color: #000000;\"><strong>Kompatibilni proizvodi:<\/strong><\/span> u kombinaciji sa stem cell serumom za maksimalne efekte, mo\u017ee i u kombinaciji sa drugim serumima u zavisnisti od indikacije.<\/p>\n<hr style=\"height: 1px; border-width: 0; color: #f5f5f5; background-color: #f5f5f5;\" \/>\n<p><span style=\"color: #000000;\"><strong>Pakovanje:<\/strong> <\/span>50ml.<\/p>\n<hr style=\"height: 1px; border-width: 0; color: #f5f5f5; background-color: #f5f5f5;\" \/>\n<p><span style=\"color: #000000;\"><strong>Rok upotrebe nakon otvaranja pakovanja:<\/strong> <\/span>6 meseci.<\/p>\n<p><a href=\"https:\/\/melbi.rs\/wp-content\/uploads\/2026\/03\/4.-PLANT-STEM-CELL-Booster-krema-50ml-teglica-i-kutija.pdf\" target=\"_blank\" rel=\"noopener\"><strong>Preuzmite deklaraciju proizvoda<\/strong><\/a><\/p>","protected":false},"featured_media":7064,"template":"","meta":[],"product_brand":[],"product_cat":[251],"product_tag":[],"class_list":{"0":"post-3933","1":"product","2":"type-product","3":"status-publish","4":"has-post-thumbnail","6":"product_cat-maticne-celije-linija","8":"first","9":"instock","10":"shipping-taxable","11":"purchasable","12":"product-type-simple"},"_links":{"self":[{"href":"https:\/\/melbi.rs\/en\/wp-json\/wp\/v2\/product\/3933","targetHints":{"allow":["GET"]}}],"collection":[{"href":"https:\/\/melbi.rs\/en\/wp-json\/wp\/v2\/product"}],"about":[{"href":"https:\/\/melbi.rs\/en\/wp-json\/wp\/v2\/types\/product"}],"wp:featuredmedia":[{"embeddable":true,"href":"https:\/\/melbi.rs\/en\/wp-json\/wp\/v2\/media\/7064"}],"wp:attachment":[{"href":"https:\/\/melbi.rs\/en\/wp-json\/wp\/v2\/media?parent=3933"}],"wp:term":[{"taxonomy":"product_brand","embeddable":true,"href":"https:\/\/melbi.rs\/en\/wp-json\/wp\/v2\/product_brand?post=3933"},{"taxonomy":"product_cat","embeddable":true,"href":"https:\/\/melbi.rs\/en\/wp-json\/wp\/v2\/product_cat?post=3933"},{"taxonomy":"product_tag","embeddable":true,"href":"https:\/\/melbi.rs\/en\/wp-json\/wp\/v2\/product_tag?post=3933"}],"curies":[{"name":"wp","href":"https:\/\/api.w.org\/{rel}","templated":true}]}}