{"id":3883,"date":"2023-08-31T20:08:34","date_gmt":"2023-08-31T18:08:34","guid":{"rendered":"https:\/\/melbi.rs\/?post_type=product&#038;p=3883"},"modified":"2026-04-20T14:37:32","modified_gmt":"2026-04-20T12:37:32","slug":"gentle-cleansing-gel","status":"publish","type":"product","link":"https:\/\/melbi.rs\/en\/proizvod\/gentle-cleansing-gel\/","title":{"rendered":"Gentle Face Cleansing Gel"},"content":{"rendered":"","protected":false},"excerpt":{"rendered":"<p>Kremasti gel sa ekstraktom manga i aloje za duboko \u010di\u0161\u0107enje ko\u017ee lica, uklanja ne\u010disto\u0107e i \u0161minku bez isu\u0161ivanja ko\u017ee. Mango gel obezbe\u0111uje intezivnu hidrataciju ko\u017ee spre\u010davaju\u0107i ose\u0107aj zategnutosti nakon pranja. Nakon upotrebe ko\u017ea ostaje \u010dista i sve\u017ea. Savr\u0161en za sve tipove ko\u017ea. Primenjivati ga uve\u010de i\/ili ujutru, preparat naneti na vla\u017eno lice i ne\u017eno trljati. Temeljno isprati lice vodom.<\/p>\n<hr \/>\n<p><strong>Sastojci:<\/strong> sok od lista aloje, glicerin, ekstrakt manga, pantenol, manitol.<\/p>\n<hr \/>\n<p><strong>Tip ko\u017ee:<\/strong> svi tipovi ko\u017ee.<\/p>\n<hr \/>\n<p><strong>Namena:<\/strong> \u010di\u0161\u0107enje i hidratacija.<\/p>\n<hr \/>\n<p><strong>Primena:<\/strong> utrljati kru\u017enim pokretima , a zaim isprati mlakom vodom.<\/p>\n<hr \/>\n<p><strong>Doba dana:<\/strong> no\u0107.<\/p>\n<hr \/>\n<p><strong>Tip proizvoda:<\/strong> hidrogel.<\/p>\n<hr \/>\n<p><strong>Kompatibilni proizvodi:<\/strong>sa svim proizvodima kolekcije Natural Cosmetics by Dr Pecarski<\/p>\n<hr \/>\n<p><strong>Rok upotrebe nakon otvaranja pakovanja:<\/strong> 6 meseci<\/p>\n<hr \/>\n<p><span style=\"color: #000000;\"><strong>Pakovanje:<\/strong> <\/span>200ml.<\/p>\n<p><a href=\"#\" target=\"_blank\" rel=\"noopener\"><strong>Preuzmite deklaraciju proizvoda<\/strong><\/a><\/p>","protected":false},"featured_media":7128,"template":"","meta":[],"product_brand":[],"product_cat":[256],"product_tag":[],"class_list":{"0":"post-3883","1":"product","2":"type-product","3":"status-publish","4":"has-post-thumbnail","6":"product_cat-preparati-za-ciscenje-koze","8":"first","9":"instock","10":"shipping-taxable","11":"purchasable","12":"product-type-simple"},"_links":{"self":[{"href":"https:\/\/melbi.rs\/en\/wp-json\/wp\/v2\/product\/3883","targetHints":{"allow":["GET"]}}],"collection":[{"href":"https:\/\/melbi.rs\/en\/wp-json\/wp\/v2\/product"}],"about":[{"href":"https:\/\/melbi.rs\/en\/wp-json\/wp\/v2\/types\/product"}],"wp:featuredmedia":[{"embeddable":true,"href":"https:\/\/melbi.rs\/en\/wp-json\/wp\/v2\/media\/7128"}],"wp:attachment":[{"href":"https:\/\/melbi.rs\/en\/wp-json\/wp\/v2\/media?parent=3883"}],"wp:term":[{"taxonomy":"product_brand","embeddable":true,"href":"https:\/\/melbi.rs\/en\/wp-json\/wp\/v2\/product_brand?post=3883"},{"taxonomy":"product_cat","embeddable":true,"href":"https:\/\/melbi.rs\/en\/wp-json\/wp\/v2\/product_cat?post=3883"},{"taxonomy":"product_tag","embeddable":true,"href":"https:\/\/melbi.rs\/en\/wp-json\/wp\/v2\/product_tag?post=3883"}],"curies":[{"name":"wp","href":"https:\/\/api.w.org\/{rel}","templated":true}]}}