{"id":3852,"date":"2023-08-31T20:08:10","date_gmt":"2023-08-31T20:08:10","guid":{"rendered":"https:\/\/melbi.rs\/?post_type=product&#038;p=3852"},"modified":"2026-04-21T14:38:40","modified_gmt":"2026-04-21T12:38:40","slug":"clear-skin-probiotik-serum","status":"publish","type":"product","link":"https:\/\/melbi.rs\/en\/proizvod\/clear-skin-probiotik-serum\/","title":{"rendered":"Clear Skin Probiotik Serum"},"content":{"rendered":"","protected":false},"excerpt":{"rendered":"<p>Ovaj serum predstavlja unikatni \u201coil free\u201d kompleks seboregulatornih i detox biljnih ekstrakata, hijaluronske kiseline, probiotika i vitamina C koji deluje na masnu ko\u017eu su\u017eavaju\u0107i joj pore, spre\u010davaju\u0107i prekomerno lu\u010denje sebuma, prosvetljuje fleke i postoje\u0107e ne\u010disto\u0107e i spre\u010dava pojavu novih ne\u010disto\u0107a na masnoj i problemati\u010dnoj ko\u017ei. Sadr\u017eaj probiotik inulina, kao i hijluronske kiseline u ovom serumu doprinosi odr\u017eavanje normalne mikroflore ko\u017ee, izrazitom umiruju\u0107em i hidratacionom efektu ovog seruma.<\/p>\n<hr \/>\n<p><strong>Sastojci:<\/strong> probiotski kompleks iz jogurta, niacinamid, pantenol.<\/p>\n<hr \/>\n<p><strong>Tip ko\u017ee: <\/strong>masna i problemati\u010dna ko\u017ea<\/p>\n<hr \/>\n<p><strong>Namena:<\/strong> su\u017eava pore i smanjuje prekomerno lu\u010denje sebuma, posvetljuje fleke<\/p>\n<hr \/>\n<p><strong>Primena:<\/strong> laganim kru\u017enim pokretima naneti na o\u010di\u0161\u0107enu ko\u017eu lica<\/p>\n<hr \/>\n<p><strong>Doba dana: <\/strong>ujutru i\/ili uvece<\/p>\n<hr \/>\n<p><strong>Tip proizvoda:<\/strong> hidrogel<\/p>\n<hr \/>\n<p><strong>Kompatibilni proizvodi:\u00a0<\/strong>u kombinaciji sa proizvodima iz Clear skin linije<\/p>\n<hr \/>\n<p><strong>Pakovanje:<\/strong> 30ml<\/p>\n<hr \/>\n<p><strong>Rok upotrebe nakon otvaranja pakovanja:<\/strong> 6 meseci<\/p>\n<p><a href=\"https:\/\/melbi.rs\/wp-content\/uploads\/2026\/03\/1.-CLEAR-SKIN-Prebiotik-serum-OxiLine-30ml-i-Oaza-pipeta-kutija.pdf\" target=\"_blank\" rel=\"noopener\"><strong>Preuzmite deklaraciju proizvoda<\/strong><\/a><\/p>","protected":false},"featured_media":7120,"template":"","meta":[],"product_brand":[],"product_cat":[247,254],"product_tag":[],"class_list":{"0":"post-3852","1":"product","2":"type-product","3":"status-publish","4":"has-post-thumbnail","6":"product_cat-clear-skin-linija-za-masnu-kozu","7":"product_cat-serumi","9":"first","10":"instock","11":"shipping-taxable","12":"purchasable","13":"product-type-simple"},"_links":{"self":[{"href":"https:\/\/melbi.rs\/en\/wp-json\/wp\/v2\/product\/3852","targetHints":{"allow":["GET"]}}],"collection":[{"href":"https:\/\/melbi.rs\/en\/wp-json\/wp\/v2\/product"}],"about":[{"href":"https:\/\/melbi.rs\/en\/wp-json\/wp\/v2\/types\/product"}],"wp:featuredmedia":[{"embeddable":true,"href":"https:\/\/melbi.rs\/en\/wp-json\/wp\/v2\/media\/7120"}],"wp:attachment":[{"href":"https:\/\/melbi.rs\/en\/wp-json\/wp\/v2\/media?parent=3852"}],"wp:term":[{"taxonomy":"product_brand","embeddable":true,"href":"https:\/\/melbi.rs\/en\/wp-json\/wp\/v2\/product_brand?post=3852"},{"taxonomy":"product_cat","embeddable":true,"href":"https:\/\/melbi.rs\/en\/wp-json\/wp\/v2\/product_cat?post=3852"},{"taxonomy":"product_tag","embeddable":true,"href":"https:\/\/melbi.rs\/en\/wp-json\/wp\/v2\/product_tag?post=3852"}],"curies":[{"name":"wp","href":"https:\/\/api.w.org\/{rel}","templated":true}]}}