{"id":3851,"date":"2023-08-31T20:08:10","date_gmt":"2023-08-31T20:08:10","guid":{"rendered":"https:\/\/melbi.rs\/?post_type=product&#038;p=3851"},"modified":"2026-04-16T14:15:07","modified_gmt":"2026-04-16T12:15:07","slug":"lightening-serum","status":"publish","type":"product","link":"https:\/\/melbi.rs\/en\/proizvod\/lightening-serum\/","title":{"rendered":"Lightening Serum"},"content":{"rendered":"","protected":false},"excerpt":{"rendered":"<p>Unikatan kompleks koji\u010dne kiseline, vo\u0107nih i hijaluronske kiseline, vitamina C i niacinamida koji deluje blagotvorno i izbeljuju\u0107e na ko\u017eu sklonu flekama i nesavr\u0161enosti. Bogat sadr\u017eaj prebiotika inulina, hijaluronske kiseline, antioksidantnih i umiruju\u0107ih biljnih ekstrakata u kombinaciji sa ostalim sastojcima, \u010dine ovaj serum jedinstvenom formulom koja istovremeno hidrira, \u0161titi, uklanja ne\u010disto\u0107e i fleke, pro\u010di\u0161\u0107ava i umiruje osetljivu i dehidriranu ko\u017eu. Efikasan tretman za fleke nastale kao posledica ne\u010disto\u0107a na problemati\u010dnoj ko\u017ei , ali i za druge vrste hiperpigmentacija.<\/p>\n<hr \/>\n<p><strong>Sastojci:<\/strong> koji\u010dna kiselina, vo\u0107ne kiseline, hijaluronska kiselina, vitamin C, inuli, beta glukan imunokompleks<\/p>\n<hr \/>\n<p><strong>Tip ko\u017ee:<\/strong>\u00a0ko\u017ea sklona flekama i nesavr\u0161enosti<\/p>\n<hr \/>\n<p><strong>Namena:<\/strong> izbeljuje fleke, uklanja ne\u010disto\u0107e, pro\u010di\u0161\u0107ava i ujedna\u010duje nesavtr\u0161en izgled ko\u017ee<\/p>\n<hr \/>\n<p><strong>Primena:<\/strong> 4-5- kapi seruma naneti laganim kru\u017enim pokretima i utrlajti u ko\u017eu lica<\/p>\n<hr \/>\n<p><strong>Doba dana:<\/strong> ujutru i uve\u010de<\/p>\n<hr \/>\n<p><strong>Tip proizvoda:<\/strong> hidrogel<\/p>\n<hr \/>\n<p><strong>Pakovanje:<\/strong> 30ml<\/p>\n<hr \/>\n<p><strong>Rok upotrebe nakon otvaranja pakovanja:<\/strong> 6 meseci<\/p>\n<p><a href=\"https:\/\/melbi.rs\/wp-content\/uploads\/2026\/03\/11.-Lightening-Plus-Serum-30ml-i-Oaza-pipeta-kutija.pdf\" target=\"_blank\" rel=\"noopener\"><strong>Preuzmite deklaraciju proizvoda<\/strong><\/a><\/p>","protected":false},"featured_media":7057,"template":"","meta":[],"product_brand":[],"product_cat":[254],"product_tag":[],"class_list":{"0":"post-3851","1":"product","2":"type-product","3":"status-publish","4":"has-post-thumbnail","6":"product_cat-serumi","8":"first","9":"instock","10":"shipping-taxable","11":"purchasable","12":"product-type-simple"},"_links":{"self":[{"href":"https:\/\/melbi.rs\/en\/wp-json\/wp\/v2\/product\/3851","targetHints":{"allow":["GET"]}}],"collection":[{"href":"https:\/\/melbi.rs\/en\/wp-json\/wp\/v2\/product"}],"about":[{"href":"https:\/\/melbi.rs\/en\/wp-json\/wp\/v2\/types\/product"}],"wp:featuredmedia":[{"embeddable":true,"href":"https:\/\/melbi.rs\/en\/wp-json\/wp\/v2\/media\/7057"}],"wp:attachment":[{"href":"https:\/\/melbi.rs\/en\/wp-json\/wp\/v2\/media?parent=3851"}],"wp:term":[{"taxonomy":"product_brand","embeddable":true,"href":"https:\/\/melbi.rs\/en\/wp-json\/wp\/v2\/product_brand?post=3851"},{"taxonomy":"product_cat","embeddable":true,"href":"https:\/\/melbi.rs\/en\/wp-json\/wp\/v2\/product_cat?post=3851"},{"taxonomy":"product_tag","embeddable":true,"href":"https:\/\/melbi.rs\/en\/wp-json\/wp\/v2\/product_tag?post=3851"}],"curies":[{"name":"wp","href":"https:\/\/api.w.org\/{rel}","templated":true}]}}