{"id":3850,"date":"2023-08-31T20:08:10","date_gmt":"2023-08-31T20:08:10","guid":{"rendered":"https:\/\/melbi.rs\/?post_type=product&#038;p=3850"},"modified":"2026-04-21T14:38:41","modified_gmt":"2026-04-21T12:38:41","slug":"azeoglicin-serum","status":"publish","type":"product","link":"https:\/\/melbi.rs\/en\/proizvod\/azeoglicin-serum\/","title":{"rendered":"Azeloglicin serum"},"content":{"rendered":"","protected":false},"excerpt":{"rendered":"<p>Azeloglicin serum je lagani hijaluronski serum sa azelai\u010dnom kiselinom i niacinamidom. Serum je idealan za negu ko\u017ee koja je sklona ne\u010disto\u0107ama, pro\u0161irenim porama, crvenilu i hiperpigmentacijama. Preporu\u010deno je koristiti serum i u prevenciji starenja ko\u017ee. Azeloglicin je najnoviji derivat azelai\u010dne kiseline koji se savr\u0161eno bori sa nepravilnostima na ko\u017ei i istovremeno joj obezbe\u0111uje dubinsku hidrataciju.<\/p>\n<hr \/>\n<p><strong>Sastojci:<\/strong> unapre\u0111eni oblik azelai\u010dne kiseline- Azeloglicina, niacinamid, umiruju\u0107i biljni ekstrakti, ceramidi<\/p>\n<hr \/>\n<p><strong>Tip ko\u017ee:<\/strong> ko\u017ea sklona ne\u010disto\u0107ama, pro\u0161irenim porama, crvenilu i hiperpigmentacijama<\/p>\n<hr \/>\n<p><strong>Namena:<\/strong> otklanja nepravilnosti i dubinski hidrira<\/p>\n<hr \/>\n<p><strong>Primena:<\/strong> laganim kru\u017enim pokretima naneti na o\u010di\u0161\u0107enu ko\u017eu licao.<\/p>\n<hr \/>\n<p><strong>Doba dana:<\/strong> ujutru i uve\u010de<\/p>\n<hr \/>\n<p><strong>Tip proizvoda:<\/strong> hidrogel<\/p>\n<hr \/>\n<p><strong>Pakovanje:<\/strong> 30ml<\/p>\n<hr \/>\n<p><strong>Rok upotrebe nakon otvaranja pakovanja:<\/strong> 6 meseci<\/p>\n<p><a href=\"https:\/\/melbi.rs\/wp-content\/uploads\/2026\/03\/12.-Azeloglycin-serum-30ml-i-Oaza-pipeta-kutija.pdf\" target=\"_blank\" rel=\"noopener\"><strong>Preuzmite deklaraciju proizvoda<\/strong><\/a><\/p>","protected":false},"featured_media":7036,"template":"","meta":[],"product_brand":[],"product_cat":[254,253],"product_tag":[],"class_list":{"0":"post-3850","1":"product","2":"type-product","3":"status-publish","4":"has-post-thumbnail","6":"product_cat-serumi","7":"product_cat-specijalizovani-program-nege-za-osetljive-koze","9":"first","10":"instock","11":"shipping-taxable","12":"purchasable","13":"product-type-simple"},"_links":{"self":[{"href":"https:\/\/melbi.rs\/en\/wp-json\/wp\/v2\/product\/3850","targetHints":{"allow":["GET"]}}],"collection":[{"href":"https:\/\/melbi.rs\/en\/wp-json\/wp\/v2\/product"}],"about":[{"href":"https:\/\/melbi.rs\/en\/wp-json\/wp\/v2\/types\/product"}],"wp:featuredmedia":[{"embeddable":true,"href":"https:\/\/melbi.rs\/en\/wp-json\/wp\/v2\/media\/7036"}],"wp:attachment":[{"href":"https:\/\/melbi.rs\/en\/wp-json\/wp\/v2\/media?parent=3850"}],"wp:term":[{"taxonomy":"product_brand","embeddable":true,"href":"https:\/\/melbi.rs\/en\/wp-json\/wp\/v2\/product_brand?post=3850"},{"taxonomy":"product_cat","embeddable":true,"href":"https:\/\/melbi.rs\/en\/wp-json\/wp\/v2\/product_cat?post=3850"},{"taxonomy":"product_tag","embeddable":true,"href":"https:\/\/melbi.rs\/en\/wp-json\/wp\/v2\/product_tag?post=3850"}],"curies":[{"name":"wp","href":"https:\/\/api.w.org\/{rel}","templated":true}]}}