{"id":3828,"date":"2023-08-31T20:07:48","date_gmt":"2023-08-31T20:07:48","guid":{"rendered":"https:\/\/melbi.rs\/?post_type=product&#038;p=3828"},"modified":"2026-04-21T14:38:41","modified_gmt":"2026-04-21T12:38:41","slug":"plant-stem-cell-antioxidant-sunscreen-spf50","status":"publish","type":"product","link":"https:\/\/melbi.rs\/en\/proizvod\/plant-stem-cell-antioxidant-sunscreen-spf50\/","title":{"rendered":"Stem Cell Protect spf50"},"content":{"rendered":"","protected":false},"excerpt":{"rendered":"<p>Ekskluzivna antiage formula za za\u0161titu od sunca, koja \u0161titi ko\u017eu od ne\u017eeljenih efekata UVA i UVB zraka i fotostarenja. Mati\u010dne \u0107elije gro\u017e\u0111a, kao i antioksidantni kompleks procianidina \u0161vajcarskog gro\u017e\u0111a predstavljaju idealnu antioksidantnu i protektivnu podlogu za lice koje je za\u0161ti\u0107eno i negovano tokom celog dana. Sve ovo uz kombinaciju efikasnih za\u0161titnih faktora i biljnih ekstrakata zelenog \u010daja, aloje, manga, vitamin C, E i hijaluronske kiseline \u010dine ovaj krem jedinstvenom formulom u borbi protiv slobodnih radikala i prevremenog starenja ko\u017ee izazvanog UV zra\u010denjem.<\/p>\n<hr \/>\n<p><strong>Sastojci:<\/strong> mati\u010dne \u0107elije gro\u017e\u0111a, procianidin, biljni ekstrakti zelenog \u010daja, aloje, mandarine i manga, vitamina C, i hijaluronska kiselina<\/p>\n<hr \/>\n<p><strong>Tip ko\u017ee:<\/strong>\u00a0svi tipovi ko\u017ee<\/p>\n<hr \/>\n<p><strong>Namena:<\/strong> antioksidantna za\u0161tita i za\u0161tita od sunca<\/p>\n<hr \/>\n<p><strong>Primena:<\/strong> Dozirati jednake delove krem gela na celo lice<\/p>\n<hr \/>\n<p><strong>Doba dana:<\/strong> pre izlaganja suncu ili tokom celog dana u toku sun\u010danih dana.<\/p>\n<hr \/>\n<p><strong>Tip proizvoda:<\/strong> hidrantni krem<\/p>\n<hr \/>\n<p><strong>Kompatibilni proizvodi:\u00a0<\/strong>kombinuje se sa svim proizvodima iz kolekcije Natural cosmetics by Dr Pecarski<\/p>\n<hr \/>\n<p><strong>Pakovanje:<\/strong> 50ml<\/p>\n<hr \/>\n<p><strong>Rok upotrebe nakon otvaranja pakovanja:<\/strong> 6 meseci<\/p>\n<p><a href=\"https:\/\/melbi.rs\/wp-content\/uploads\/2026\/03\/2.-STEM-CELL-Protect-SPF50-50ml-bocica-i-Oaza-crna-kutija.pdf\" target=\"_blank\" rel=\"noopener\"><strong>Preuzmite deklaraciju proizvoda<\/strong><\/a><\/p>","protected":false},"featured_media":7080,"template":"","meta":[],"product_brand":[],"product_cat":[251,253,271],"product_tag":[],"class_list":{"0":"post-3828","1":"product","2":"type-product","3":"status-publish","4":"has-post-thumbnail","6":"product_cat-maticne-celije-linija","7":"product_cat-specijalizovani-program-nege-za-osetljive-koze","8":"product_cat-zastita-od-sunca","10":"first","11":"instock","12":"shipping-taxable","13":"purchasable","14":"product-type-simple"},"_links":{"self":[{"href":"https:\/\/melbi.rs\/en\/wp-json\/wp\/v2\/product\/3828","targetHints":{"allow":["GET"]}}],"collection":[{"href":"https:\/\/melbi.rs\/en\/wp-json\/wp\/v2\/product"}],"about":[{"href":"https:\/\/melbi.rs\/en\/wp-json\/wp\/v2\/types\/product"}],"wp:featuredmedia":[{"embeddable":true,"href":"https:\/\/melbi.rs\/en\/wp-json\/wp\/v2\/media\/7080"}],"wp:attachment":[{"href":"https:\/\/melbi.rs\/en\/wp-json\/wp\/v2\/media?parent=3828"}],"wp:term":[{"taxonomy":"product_brand","embeddable":true,"href":"https:\/\/melbi.rs\/en\/wp-json\/wp\/v2\/product_brand?post=3828"},{"taxonomy":"product_cat","embeddable":true,"href":"https:\/\/melbi.rs\/en\/wp-json\/wp\/v2\/product_cat?post=3828"},{"taxonomy":"product_tag","embeddable":true,"href":"https:\/\/melbi.rs\/en\/wp-json\/wp\/v2\/product_tag?post=3828"}],"curies":[{"name":"wp","href":"https:\/\/api.w.org\/{rel}","templated":true}]}}