{"id":3827,"date":"2023-08-31T20:07:48","date_gmt":"2023-08-31T20:07:48","guid":{"rendered":"https:\/\/melbi.rs\/?post_type=product&#038;p=3827"},"modified":"2026-05-02T16:15:07","modified_gmt":"2026-05-02T14:15:07","slug":"light-sun-fluid-spf30","status":"publish","type":"product","link":"https:\/\/melbi.rs\/en\/proizvod\/light-sun-fluid-spf30\/","title":{"rendered":"Light Sun Fluid spf30"},"content":{"rendered":"","protected":false},"excerpt":{"rendered":"<p>Ultra lagani fluid za za\u0161titu od sunca koji odgovara specifi\u010dnim dnevnim potrebama svih tipova ko\u017ee, uklju\u010duju\u0107i i masnu. Ovaj prirodni fluid je baziran na sna\u017enom antioksidantnom kompleksu gro\u017e\u0111a, manga, mandarine, aloje, zelenog \u010daja i tamarinda bogatog proantocijanidima, fenolima i katehinima koji se efikasno bore protiv slobodnih radikala i efekata fotostarenja. U kombinaciji sa za\u0161titnim faktorima \u0161irokog spektra, hijaluronskom kiselinom, vitaminima i beta glukan imuno kompleksom ova formula je jedinstvena antioksidantna za\u0161tita za ko\u017eu od sunca koju \u0161titi i neguje tokom celog dana<\/p>\n<hr \/>\n<p><strong>Sastojci:<\/strong> gro\u017e\u0111e, mango, ekstrakti mandarine, aloje, zeleinog \u010daja, tamarind, hijaluronska kiselina, beta glukan imuno kompleks.<\/p>\n<hr \/>\n<p><strong>Tip ko\u017ee:<\/strong>\u00a0Svi tipovi ko\u017ee<\/p>\n<hr \/>\n<p><strong>Namena:<\/strong> antioksidantna za\u0161tita i za\u0161tita od sunca<\/p>\n<hr \/>\n<p><strong>Primena:<\/strong> Dozirati jednake delove krem gela na celo lice<\/p>\n<hr \/>\n<p><strong>Doba dana:<\/strong> pre izlaganja suncu, ili tokom celog dana u toku sun\u010danih dana<\/p>\n<hr \/>\n<p><strong>Tip proizvoda:<\/strong> fluid<\/p>\n<hr \/>\n<p><strong>Kompatibilni proizvodi:\u00a0<\/strong>kombinuje se sa svim proizvodima iz kolekcije Natural cosmetics by Dr Pecarski<\/p>\n<hr \/>\n<p><strong>Pakovanje:<\/strong> 50ml<\/p>\n<hr \/>\n<p><strong>Rok upotrebe nakon otvaranja pakovanja:<\/strong> 6 meseci<\/p>\n<p><a href=\"https:\/\/melbi.rs\/wp-content\/uploads\/2026\/03\/1.-LIGHT-SUN-Fluid-SPF30-50ml-bocica-i-Oaza-crna-kutija.pdf\" target=\"_blank\" rel=\"noopener\"><strong>Preuzmite deklaraciju proizvoda<\/strong><\/a><\/p>","protected":false},"featured_media":7056,"template":"","meta":[],"product_brand":[],"product_cat":[253,271],"product_tag":[],"class_list":{"0":"post-3827","1":"product","2":"type-product","3":"status-publish","4":"has-post-thumbnail","6":"product_cat-specijalizovani-program-nege-za-osetljive-koze","7":"product_cat-zastita-od-sunca","9":"first","10":"instock","11":"shipping-taxable","12":"purchasable","13":"product-type-simple"},"_links":{"self":[{"href":"https:\/\/melbi.rs\/en\/wp-json\/wp\/v2\/product\/3827","targetHints":{"allow":["GET"]}}],"collection":[{"href":"https:\/\/melbi.rs\/en\/wp-json\/wp\/v2\/product"}],"about":[{"href":"https:\/\/melbi.rs\/en\/wp-json\/wp\/v2\/types\/product"}],"wp:featuredmedia":[{"embeddable":true,"href":"https:\/\/melbi.rs\/en\/wp-json\/wp\/v2\/media\/7056"}],"wp:attachment":[{"href":"https:\/\/melbi.rs\/en\/wp-json\/wp\/v2\/media?parent=3827"}],"wp:term":[{"taxonomy":"product_brand","embeddable":true,"href":"https:\/\/melbi.rs\/en\/wp-json\/wp\/v2\/product_brand?post=3827"},{"taxonomy":"product_cat","embeddable":true,"href":"https:\/\/melbi.rs\/en\/wp-json\/wp\/v2\/product_cat?post=3827"},{"taxonomy":"product_tag","embeddable":true,"href":"https:\/\/melbi.rs\/en\/wp-json\/wp\/v2\/product_tag?post=3827"}],"curies":[{"name":"wp","href":"https:\/\/api.w.org\/{rel}","templated":true}]}}