{"id":3825,"date":"2023-08-31T20:07:47","date_gmt":"2023-08-31T20:07:47","guid":{"rendered":"https:\/\/melbi.rs\/?post_type=product&#038;p=3825"},"modified":"2026-04-21T14:38:41","modified_gmt":"2026-04-21T12:38:41","slug":"retinol-and-peptidi-serum","status":"publish","type":"product","link":"https:\/\/melbi.rs\/en\/proizvod\/retinol-and-peptidi-serum\/","title":{"rendered":"Retinol &#038; Peptidi Serum"},"content":{"rendered":"","protected":false},"excerpt":{"rendered":"<p>Ekskluzivna antiage formula za intenzivnu negu zrele ko\u017ee 40+. Jedinstvena kombinacija hijaluronkse kiseline i posebno selektovanih biljnih ulja sa antiage efektina, poput smilja i sandalovine uklopljenih u laganu uljanu teksturu koja hrani, regeneri\u0161e i neguje zrelu ko\u017eu. Zahvaljuju\u0107i antioksiadntnom efektu konezima Q10 u kombinaciji sa ostalim dragocenim sastojcvima ovaj serum je idealna formula za negu suve i zrele ko\u017ee .<\/p>\n<hr \/>\n<p><strong>Sastojci:<\/strong> retinol, konezim Q10, hijaluronska kiselina, ulja smilja i sandalovine.<\/p>\n<hr \/>\n<p><strong>Tip ko\u017ee:<\/strong> suva i zrela ko\u017ea<\/p>\n<hr \/>\n<p><strong>Namena:<\/strong> \u0161titi zrelu ko\u017eu od efekata zaga\u0111enja, regeneri\u0161e je, hrani i istovremeno hidrira i posvetljuje<\/p>\n<hr \/>\n<p><strong>Primena:<\/strong> laganim kru\u017enim pokretima naneti na ko\u017eu celog lica, mo\u017ee slu\u017eiti i za masa\u017eu lica<\/p>\n<hr \/>\n<p><strong>Doba dana:<\/strong> uve\u010de<\/p>\n<hr \/>\n<p><strong>Tip proizvoda:<\/strong> emulgel<\/p>\n<hr \/>\n<p><strong>Kompatibilni proizvodi:\u00a0<\/strong>u\u00a0kombinaciji sa svim proizvodima za negu zrele ko\u017ee kolekcije Natural cosmetic by Dr Pecarski, izuzev vit. C seruma<\/p>\n<hr \/>\n<p><strong>Pakovanje:<\/strong> 30ml<\/p>\n<hr \/>\n<p><strong>Rok upotrebe nakon otvaranja pakovanja:<\/strong> 6 meseci<\/p>\n<p><a href=\"https:\/\/melbi.rs\/wp-content\/uploads\/2026\/03\/2.-Retinol-Peptidi-Serum-30ml-i-Oaza-pipeta-kutija.pdf\" target=\"_blank\" rel=\"noopener\"><strong>Preuzmite deklaraciju proizvoda<\/strong><\/a><\/p>","protected":false},"featured_media":7076,"template":"","meta":[],"product_brand":[],"product_cat":[252,254],"product_tag":[],"class_list":{"0":"post-3825","1":"product","2":"type-product","3":"status-publish","4":"has-post-thumbnail","6":"product_cat-peptidi","7":"product_cat-serumi","9":"first","10":"instock","11":"shipping-taxable","12":"purchasable","13":"product-type-simple"},"_links":{"self":[{"href":"https:\/\/melbi.rs\/en\/wp-json\/wp\/v2\/product\/3825","targetHints":{"allow":["GET"]}}],"collection":[{"href":"https:\/\/melbi.rs\/en\/wp-json\/wp\/v2\/product"}],"about":[{"href":"https:\/\/melbi.rs\/en\/wp-json\/wp\/v2\/types\/product"}],"wp:featuredmedia":[{"embeddable":true,"href":"https:\/\/melbi.rs\/en\/wp-json\/wp\/v2\/media\/7076"}],"wp:attachment":[{"href":"https:\/\/melbi.rs\/en\/wp-json\/wp\/v2\/media?parent=3825"}],"wp:term":[{"taxonomy":"product_brand","embeddable":true,"href":"https:\/\/melbi.rs\/en\/wp-json\/wp\/v2\/product_brand?post=3825"},{"taxonomy":"product_cat","embeddable":true,"href":"https:\/\/melbi.rs\/en\/wp-json\/wp\/v2\/product_cat?post=3825"},{"taxonomy":"product_tag","embeddable":true,"href":"https:\/\/melbi.rs\/en\/wp-json\/wp\/v2\/product_tag?post=3825"}],"curies":[{"name":"wp","href":"https:\/\/api.w.org\/{rel}","templated":true}]}}