{"id":3822,"date":"2023-08-31T20:07:47","date_gmt":"2023-08-31T18:07:47","guid":{"rendered":"https:\/\/melbi.rs\/?post_type=product&#038;p=3822"},"modified":"2026-04-20T14:37:33","modified_gmt":"2026-04-20T12:37:33","slug":"rice-and-apricot-facial-scrub","status":"publish","type":"product","link":"https:\/\/melbi.rs\/en\/proizvod\/rice-and-apricot-facial-scrub\/","title":{"rendered":"Rice and apricot facial scrub 125 ml"},"content":{"rendered":"","protected":false},"excerpt":{"rendered":"<p>Emlijentni hidriraju\u0107i krem-gel piling specijalno formulisan za suvu i zrelu ko\u017eu. Mlevene ko\u0161tice kajsije i pirin\u010dani svileni prah ne\u017eno uklanjaju izumrle \u0107elije ko\u017ee ostavljaju\u0107i je glatkom, sve\u017eom i mekanom, spremnom da upije aktivne supstance neophodne za njen zdrav i mladala\u010dki izgled.<\/p>\n<hr \/>\n<p><strong>Sastojci:<\/strong> ekstrakt mandarine, sok iz lista aloje, ekstrakt cveta kamilice, pirin\u010dani prah, mlevene ko\u0161tice kajsije, ekstrakt iz cveta nevena, ulje jojobe, prah semena kajsije<\/p>\n<hr \/>\n<p><strong>Tip ko\u017ee:<\/strong>\u00a0suva i zrela ko\u017ea<\/p>\n<hr \/>\n<p><strong>Namena:<\/strong> uklanja ne\u010disto\u0107e i mrtve \u0107elije<\/p>\n<hr \/>\n<p><strong>Primena:<\/strong> Piling se nanosi na o\u010di\u0161\u0107enu ko\u017eu, ostavi da delije 5 minuta, a zatim lagano kru\u017enim pokretima spira mlakom vodom. Za najbolje efekte piling koristiti 2 puta nedeljno.<\/p>\n<hr \/>\n<p><strong>Doba dana:<\/strong> no\u0107.<\/p>\n<hr \/>\n<p><strong>Tip proizvoda:<\/strong> emulgel<\/p>\n<hr \/>\n<p><strong>Kompatibilni proizvodi:\u00a0<\/strong>U kombinaciji sa svim proizvodima iz kolekcije Natural cosmetic by Dr Pecarski<\/p>\n<hr \/>\n<p><strong>Pakovanje:<\/strong> 125ml.<\/p>\n<hr \/>\n<p><strong>Rok upotrebe nakon otvaranja pakovanja:<\/strong> 6 meseci<\/p>\n<p><a href=\"https:\/\/melbi.rs\/wp-content\/uploads\/2026\/03\/2A.-PirinacKajsija-Piling-125ml.pdf\" target=\"_blank\" rel=\"noopener\"><strong>Preuzmite deklaraciju proizvoda<\/strong><\/a><\/p>","protected":false},"featured_media":7077,"template":"","meta":[],"product_brand":[],"product_cat":[246],"product_tag":[],"class_list":{"0":"post-3822","1":"product","2":"type-product","3":"status-publish","4":"has-post-thumbnail","6":"product_cat-piling","8":"first","9":"instock","10":"shipping-taxable","11":"purchasable","12":"product-type-simple"},"_links":{"self":[{"href":"https:\/\/melbi.rs\/en\/wp-json\/wp\/v2\/product\/3822","targetHints":{"allow":["GET"]}}],"collection":[{"href":"https:\/\/melbi.rs\/en\/wp-json\/wp\/v2\/product"}],"about":[{"href":"https:\/\/melbi.rs\/en\/wp-json\/wp\/v2\/types\/product"}],"wp:featuredmedia":[{"embeddable":true,"href":"https:\/\/melbi.rs\/en\/wp-json\/wp\/v2\/media\/7077"}],"wp:attachment":[{"href":"https:\/\/melbi.rs\/en\/wp-json\/wp\/v2\/media?parent=3822"}],"wp:term":[{"taxonomy":"product_brand","embeddable":true,"href":"https:\/\/melbi.rs\/en\/wp-json\/wp\/v2\/product_brand?post=3822"},{"taxonomy":"product_cat","embeddable":true,"href":"https:\/\/melbi.rs\/en\/wp-json\/wp\/v2\/product_cat?post=3822"},{"taxonomy":"product_tag","embeddable":true,"href":"https:\/\/melbi.rs\/en\/wp-json\/wp\/v2\/product_tag?post=3822"}],"curies":[{"name":"wp","href":"https:\/\/api.w.org\/{rel}","templated":true}]}}