{"id":3818,"date":"2023-08-31T20:07:47","date_gmt":"2023-08-31T18:07:47","guid":{"rendered":"https:\/\/melbi.rs\/?post_type=product&#038;p=3818"},"modified":"2026-04-20T14:37:32","modified_gmt":"2026-04-20T12:37:32","slug":"micelar-cleansing-milk","status":"publish","type":"product","link":"https:\/\/melbi.rs\/en\/proizvod\/micelar-cleansing-milk\/","title":{"rendered":"Micelar Cleansing Milk"},"content":{"rendered":"","protected":false},"excerpt":{"rendered":"<p>Micelar cleansing milk predstavlja ekskluzivnu formulaciju preparata za \u010di\u0161\u0107enje ko\u017ee lica koja je oboga\u0107ena prirodnim micelarnim kompleksom, kolagenom, vitaminima i specijalno izabranim biljnim ekstraktima,<br \/>\nuljima i voskovima. Preparat je namenjen za sve tipove ko\u017ea. Micelar cleansing milk se mo\u017ee koristiti kako za \u010di\u0161\u0107enje ko\u017ee lica tako i za \u010di\u0161\u0107enje predela oka.<\/p>\n<hr style=\"height: 1px; border-width: 0; color: #f5f5f5; background-color: #f5f5f5;\" \/>\n<p><span style=\"color: #000000;\"><strong>Sastojci:<\/strong><\/span> sok od lista aloje, shea butter, pantentol, hidrolizovani kolagen.<\/p>\n<hr style=\"height: 1px; border-width: 0; color: #f5f5f5; background-color: #f5f5f5;\" \/>\n<p><span style=\"color: #000000;\"><strong>Tip ko\u017ee:<\/strong><\/span> suva i dehidrirana ko\u017ea.<\/p>\n<hr style=\"height: 1px; border-width: 0; color: #f5f5f5; background-color: #f5f5f5;\" \/>\n<p><span style=\"color: #000000;\"><strong>Namena:<\/strong><\/span> \u010di\u0161\u0107enje i hidratacija.<\/p>\n<hr style=\"height: 1px; border-width: 0; color: #f5f5f5; background-color: #f5f5f5;\" \/>\n<p><span style=\"color: #000000;\"><strong>Primena:<\/strong> na ko\u017eu direktno umasirati i isprati vodom, ili na tupfer i laganim pokretima skidati ne\u010disto\u0107e sa lica<\/span>.<\/p>\n<hr style=\"height: 1px; border-width: 0; color: #f5f5f5; background-color: #f5f5f5;\" \/>\n<p><span style=\"color: #000000;\"><strong>Doba dana:<\/strong> <\/span>no\u0107.<\/p>\n<hr style=\"height: 1px; border-width: 0; color: #f5f5f5; background-color: #f5f5f5;\" \/>\n<p><span style=\"color: #000000;\"><strong>Tip proizvoda:<\/strong><\/span> micelarna emulzija.<\/p>\n<hr style=\"height: 1px; border-width: 0; color: #f5f5f5; background-color: #f5f5f5;\" \/>\n<p><span style=\"color: #000000;\"><strong>Kompatibilni proizvodi:<\/strong><\/span> sa svim proizvodima kolekcije Natural Cosmetics by Dr Pecarski.<\/p>\n<hr style=\"height: 1px; border-width: 0; color: #f5f5f5; background-color: #f5f5f5;\" \/>\n<p><span style=\"color: #000000;\"><strong>Pakovanje:<\/strong> <\/span>200ml.<\/p>\n<hr style=\"height: 1px; border-width: 0; color: #f5f5f5; background-color: #f5f5f5;\" \/>\n<p><span style=\"color: #000000;\"><strong>Rok upotrebe nakon otvaranja pakovanja:<\/strong> <\/span>6 meseci.<\/p>\n<p><a href=\"https:\/\/melbi.rs\/wp-content\/uploads\/2026\/03\/2.-Micelar-Cleansing-Milk-200ml-providna-bocica.pdf\" target=\"_blank\" rel=\"noopener\"><strong>Preuzmite deklaraciju proizvoda<\/strong><\/a><\/p>","protected":false},"featured_media":7157,"template":"","meta":[],"product_brand":[],"product_cat":[256],"product_tag":[],"class_list":{"0":"post-3818","1":"product","2":"type-product","3":"status-publish","4":"has-post-thumbnail","6":"product_cat-preparati-za-ciscenje-koze","8":"first","9":"instock","10":"shipping-taxable","11":"purchasable","12":"product-type-simple"},"_links":{"self":[{"href":"https:\/\/melbi.rs\/en\/wp-json\/wp\/v2\/product\/3818","targetHints":{"allow":["GET"]}}],"collection":[{"href":"https:\/\/melbi.rs\/en\/wp-json\/wp\/v2\/product"}],"about":[{"href":"https:\/\/melbi.rs\/en\/wp-json\/wp\/v2\/types\/product"}],"wp:featuredmedia":[{"embeddable":true,"href":"https:\/\/melbi.rs\/en\/wp-json\/wp\/v2\/media\/7157"}],"wp:attachment":[{"href":"https:\/\/melbi.rs\/en\/wp-json\/wp\/v2\/media?parent=3818"}],"wp:term":[{"taxonomy":"product_brand","embeddable":true,"href":"https:\/\/melbi.rs\/en\/wp-json\/wp\/v2\/product_brand?post=3818"},{"taxonomy":"product_cat","embeddable":true,"href":"https:\/\/melbi.rs\/en\/wp-json\/wp\/v2\/product_cat?post=3818"},{"taxonomy":"product_tag","embeddable":true,"href":"https:\/\/melbi.rs\/en\/wp-json\/wp\/v2\/product_tag?post=3818"}],"curies":[{"name":"wp","href":"https:\/\/api.w.org\/{rel}","templated":true}]}}