{"id":3816,"date":"2023-08-31T20:07:47","date_gmt":"2023-08-31T20:07:47","guid":{"rendered":"https:\/\/melbi.rs\/?post_type=product&#038;p=3816"},"modified":"2026-04-29T15:42:03","modified_gmt":"2026-04-29T13:42:03","slug":"rednes-relief-treatment-cream","status":"publish","type":"product","link":"https:\/\/melbi.rs\/en\/proizvod\/rednes-relief-treatment-cream\/","title":{"rendered":"Rednes Relief Treatment Cream"},"content":{"rendered":"","protected":false},"excerpt":{"rendered":"<p>24h hidrantni krem odgovara dnevnim potrebama suve i osetljive ko\u017ee, koja je sklona crvenilu i nesavr\u0161enosti.<br \/>\nKombinacijom tri pantetirane tehnologije (GSP-T, Yogurtene\u00ae Balance, Unirepair), zajedno saceramidima, biljnim antioksidansima i hijaluronskom kiselinom, ovaj krem neguje ko\u017eu, odr\u017eava njen prirodni balans i \u0161titi je od \u0161tetnih spolja\u0161njih uticaja, \u010dime omogu\u0107ava njenu 24h za\u0161titu. Krema sadr\u017ei: hijaluronsku kiselinu, ekstrakt semena tamarinda, gro\u017e\u0111a, magnolije, nevena i aloje, ceramide, vitamine C, F, E, B3 i B5, beta glucan i probiotik imuno kompleks. Ph preparata je 5,5. SPF za\u0161tita 20.<\/p>\n<hr style=\"height: 1px; border-width: 0; color: #f5f5f5; background-color: #f5f5f5;\" \/>\n<p><span style=\"color: #000000;\"><strong>Sastojci:<\/strong><\/span> prebiotici, hijaluronska kiselina, ceramidi, umiruju\u0107i biljni ekstrakti.<\/p>\n<hr style=\"height: 1px; border-width: 0; color: #f5f5f5; background-color: #f5f5f5;\" \/>\n<p><span style=\"color: #000000;\"><strong>Tip ko\u017ee:<\/strong><\/span> svi tipovi ko\u017ee.<\/p>\n<hr style=\"height: 1px; border-width: 0; color: #f5f5f5; background-color: #f5f5f5;\" \/>\n<p><span style=\"color: #000000;\"><strong>Namena:<\/strong><\/span> umiruje, hidrira.<\/p>\n<hr style=\"height: 1px; border-width: 0; color: #f5f5f5; background-color: #f5f5f5;\" \/>\n<p><span style=\"color: #000000;\"><strong>Primena:<\/strong> naneti direktno na ko\u017eu lica<\/span>.<\/p>\n<hr style=\"height: 1px; border-width: 0; color: #f5f5f5; background-color: #f5f5f5;\" \/>\n<p><span style=\"color: #000000;\"><strong>Doba dana:<\/strong> dan i \/ili no\u0107<\/span>.<\/p>\n<hr style=\"height: 1px; border-width: 0; color: #f5f5f5; background-color: #f5f5f5;\" \/>\n<p><span style=\"color: #000000;\"><strong>Tip proizvoda:<\/strong><\/span> Hidratantni fluid.<\/p>\n<hr style=\"height: 1px; border-width: 0; color: #f5f5f5; background-color: #f5f5f5;\" \/>\n<p><span style=\"color: #000000;\"><strong>Kompatibilni proizvodi:<\/strong><\/span> hyaluron infusin facial serum, probiotic serum, vit. C serum.<\/p>\n<hr style=\"height: 1px; border-width: 0; color: #f5f5f5; background-color: #f5f5f5;\" \/>\n<p><span style=\"color: #000000;\"><strong>Pakovanje:<\/strong> <\/span>50ml.<\/p>\n<hr style=\"height: 1px; border-width: 0; color: #f5f5f5; background-color: #f5f5f5;\" \/>\n<p><span style=\"color: #000000;\"><strong>Rok upotrebe nakon otvaranja pakovanja:<\/strong> <\/span>6 meseci.<\/p>\n<p><a href=\"https:\/\/melbi.rs\/wp-content\/uploads\/2026\/03\/13.-Redness-Relief-Cream-50ml-bocica-i-Oaza-crna-kutija.pdf\" target=\"_blank\" rel=\"noopener\"><strong>Preuzmite deklaraciju proizvoda<\/strong><\/a><\/p>","protected":false},"featured_media":7074,"template":"","meta":[],"product_brand":[],"product_cat":[253],"product_tag":[],"class_list":{"0":"post-3816","1":"product","2":"type-product","3":"status-publish","4":"has-post-thumbnail","6":"product_cat-specijalizovani-program-nege-za-osetljive-koze","8":"first","9":"instock","10":"shipping-taxable","11":"purchasable","12":"product-type-simple"},"_links":{"self":[{"href":"https:\/\/melbi.rs\/en\/wp-json\/wp\/v2\/product\/3816","targetHints":{"allow":["GET"]}}],"collection":[{"href":"https:\/\/melbi.rs\/en\/wp-json\/wp\/v2\/product"}],"about":[{"href":"https:\/\/melbi.rs\/en\/wp-json\/wp\/v2\/types\/product"}],"wp:featuredmedia":[{"embeddable":true,"href":"https:\/\/melbi.rs\/en\/wp-json\/wp\/v2\/media\/7074"}],"wp:attachment":[{"href":"https:\/\/melbi.rs\/en\/wp-json\/wp\/v2\/media?parent=3816"}],"wp:term":[{"taxonomy":"product_brand","embeddable":true,"href":"https:\/\/melbi.rs\/en\/wp-json\/wp\/v2\/product_brand?post=3816"},{"taxonomy":"product_cat","embeddable":true,"href":"https:\/\/melbi.rs\/en\/wp-json\/wp\/v2\/product_cat?post=3816"},{"taxonomy":"product_tag","embeddable":true,"href":"https:\/\/melbi.rs\/en\/wp-json\/wp\/v2\/product_tag?post=3816"}],"curies":[{"name":"wp","href":"https:\/\/api.w.org\/{rel}","templated":true}]}}