{"id":3812,"date":"2023-08-31T20:07:47","date_gmt":"2023-08-31T20:07:47","guid":{"rendered":"https:\/\/melbi.rs\/?post_type=product&#038;p=3812"},"modified":"2026-05-09T18:01:27","modified_gmt":"2026-05-09T16:01:27","slug":"pure-10-vitamin-c-serum","status":"publish","type":"product","link":"https:\/\/melbi.rs\/en\/proizvod\/pure-10-vitamin-c-serum\/","title":{"rendered":"Pure 10% Vitamin C Serum"},"content":{"rendered":"","protected":false},"excerpt":{"rendered":"<p>Vitamin C serum prilago\u0111en je za primenu kod svih tipova ko\u017ee. Sadr\u017ei visoke koncentracije vitamina C, hijaluronsku kiselinu, vo\u0107ne kiseline, amino kiseline i citoflavonoide. Ultralagane je teksture i odmah se upija u ko\u017eu. Nanosi se na \u010distu ko\u017eu pre dnevne ili no\u0107ne kreme. Mo\u0107ni koncentrati anti \u2013age supstanci, antioksidansnih, seboregulativnih i protektivnih aktivnih sastojaka koji je savr\u0161en recept za blistavu ko\u017eu koju prosvetljuje, umanjuje pore i vidljive znake ne\u010disto\u0107a, popravlja teksturu, smanjuje dubinu bora i stimuli\u0161e sintezu kolagena.<\/p>\n<hr style=\"height: 1px; border-width: 0; color: #f5f5f5; background-color: #f5f5f5;\" \/>\n<p><span style=\"color: #000000;\"><strong>Sastojci:<\/strong><\/span> 10% vit. C najstabilnijeg oblika, hijaluronska kiselinaaminokiseline, beta glukan imuno kompleks, .<\/p>\n<hr style=\"height: 1px; border-width: 0; color: #f5f5f5; background-color: #f5f5f5;\" \/>\n<p><span style=\"color: #000000;\"><strong>Tip ko\u017ee:<\/strong><\/span> svi tipovi ko\u017ee.<\/p>\n<hr style=\"height: 1px; border-width: 0; color: #f5f5f5; background-color: #f5f5f5;\" \/>\n<p><span style=\"color: #000000;\"><strong>Namena:<\/strong><\/span> hidrira, regeneri\u0161e, uklanja nepravilnost.<\/p>\n<hr style=\"height: 1px; border-width: 0; color: #f5f5f5; background-color: #f5f5f5;\" \/>\n<p><span style=\"color: #000000;\"><strong>Primena:<\/strong> naneti serum na lice samostalno ili ispod kreme<\/span>.<\/p>\n<hr style=\"height: 1px; border-width: 0; color: #f5f5f5; background-color: #f5f5f5;\" \/>\n<p><span style=\"color: #000000;\"><strong>Doba dana:<\/strong> dan i \/ili no\u0107<\/span><\/p>\n<hr style=\"height: 1px; border-width: 0; color: #f5f5f5; background-color: #f5f5f5;\" \/>\n<p><span style=\"color: #000000;\"><strong>Tip proizvoda:<\/strong><\/span> hidrogel-rastvor.<\/p>\n<hr style=\"height: 1px; border-width: 0; color: #f5f5f5; background-color: #f5f5f5;\" \/>\n<p><span style=\"color: #000000;\"><strong>Kompatibilni proizvodi:<\/strong><\/span> stem cell regenerating cream, stem cell anti-shine mousterizer, hyaluron infusion facial cream, hydradetox cream, argan &amp; hyaluron uljani serum, multivitamin power recovery cream, rednes relief treatment.<\/p>\n<hr style=\"height: 1px; border-width: 0; color: #f5f5f5; background-color: #f5f5f5;\" \/>\n<p><span style=\"color: #000000;\"><strong>Pakovanje:<\/strong> <\/span>30ml.<\/p>\n<hr style=\"height: 1px; border-width: 0; color: #f5f5f5; background-color: #f5f5f5;\" \/>\n<p><span style=\"color: #000000;\"><strong>Rok upotrebe nakon otvaranja pakovanja:<\/strong> <\/span>6 meseci.<\/p>\n<p><a href=\"https:\/\/melbi.rs\/wp-content\/uploads\/2026\/03\/4.-Vitamin-C-Pure-Serum-30ml-i-Oaza-pipeta-kutija-bela-etiketa.pdf\" target=\"_blank\" rel=\"noopener\"><strong>Preuzmite deklaraciju proizvoda<\/strong><\/a><\/p>","protected":false},"featured_media":7067,"template":"","meta":[],"product_brand":[],"product_cat":[250,254],"product_tag":[],"class_list":{"0":"post-3812","1":"product","2":"type-product","3":"status-publish","4":"has-post-thumbnail","6":"product_cat-multivitaminska-linija","7":"product_cat-serumi","9":"first","10":"instock","11":"shipping-taxable","12":"purchasable","13":"product-type-simple"},"_links":{"self":[{"href":"https:\/\/melbi.rs\/en\/wp-json\/wp\/v2\/product\/3812","targetHints":{"allow":["GET"]}}],"collection":[{"href":"https:\/\/melbi.rs\/en\/wp-json\/wp\/v2\/product"}],"about":[{"href":"https:\/\/melbi.rs\/en\/wp-json\/wp\/v2\/types\/product"}],"wp:featuredmedia":[{"embeddable":true,"href":"https:\/\/melbi.rs\/en\/wp-json\/wp\/v2\/media\/7067"}],"wp:attachment":[{"href":"https:\/\/melbi.rs\/en\/wp-json\/wp\/v2\/media?parent=3812"}],"wp:term":[{"taxonomy":"product_brand","embeddable":true,"href":"https:\/\/melbi.rs\/en\/wp-json\/wp\/v2\/product_brand?post=3812"},{"taxonomy":"product_cat","embeddable":true,"href":"https:\/\/melbi.rs\/en\/wp-json\/wp\/v2\/product_cat?post=3812"},{"taxonomy":"product_tag","embeddable":true,"href":"https:\/\/melbi.rs\/en\/wp-json\/wp\/v2\/product_tag?post=3812"}],"curies":[{"name":"wp","href":"https:\/\/api.w.org\/{rel}","templated":true}]}}