{"id":3811,"date":"2023-08-31T20:07:47","date_gmt":"2023-08-31T20:07:47","guid":{"rendered":"https:\/\/melbi.rs\/?post_type=product&#038;p=3811"},"modified":"2026-03-23T11:30:37","modified_gmt":"2026-03-23T10:30:37","slug":"apple-stem-cell-eye-complex","status":"publish","type":"product","link":"https:\/\/melbi.rs\/en\/proizvod\/apple-stem-cell-eye-complex\/","title":{"rendered":"Apple Stem Cell Eye Complex"},"content":{"rendered":"","protected":false},"excerpt":{"rendered":"<p>Jedinstvenu antiage formulaciju \u010dini luksuzni kompleks retkih mati\u010dnih \u0107eija \u0161vajcarske jabuke, aminokiselina, hijaluronske kiseline, kofeina, ekstrakta zelenog \u010daja i arnike. Ova antirid krema hidrira, regenri\u0161e ko\u017eu oko o\u010diju i poma\u017ee u redukciji finih linija i bora u ovoj delikatnoj regiji. Anti age kompleks lagane teksture koji stimuli\u0161e mikrocirkulaciju, uklanja tragove umora i tamnih kolutova oko o\u010diju i bori se sa znacima starenja i pojavom bora. Kremu lagano utrljati u podru\u010dje oko o\u010diju ujutru i\/ili uve\u010de.<\/p>\n<hr style=\"height: 1px; border-width: 0; color: #f5f5f5; background-color: #f5f5f5;\" \/>\n<p><span style=\"color: #000000;\"><strong>Sastojci:<\/strong><\/span> mati\u010dne \u0107elije \u0161vajcarske jabuke, ekstrakt arnike i irisa, hijaluronska kiselina, ceramidi.<\/p>\n<hr style=\"height: 1px; border-width: 0; color: #f5f5f5; background-color: #f5f5f5;\" \/>\n<p><span style=\"color: #000000;\"><strong>Tip ko\u017ee:<\/strong><\/span> svi tipovi ko\u017ee.<\/p>\n<hr style=\"height: 1px; border-width: 0; color: #f5f5f5; background-color: #f5f5f5;\" \/>\n<p><span style=\"color: #000000;\"><strong>Namena:<\/strong><\/span> hidrira, omek\u0161ava, umanjuje vizuelene efekte bora.<\/p>\n<hr style=\"height: 1px; border-width: 0; color: #f5f5f5; background-color: #f5f5f5;\" \/>\n<p><span style=\"color: #000000;\"><strong>Primena:<\/strong> nenati na vrhove prostiju u ne\u017eno utapkati kru\u017enim poktretima oko o\u010diju<\/span>.<\/p>\n<hr style=\"height: 1px; border-width: 0; color: #f5f5f5; background-color: #f5f5f5;\" \/>\n<p><span style=\"color: #000000;\"><strong>Doba dana:<\/strong> <\/span>no\u0107.<\/p>\n<hr style=\"height: 1px; border-width: 0; color: #f5f5f5; background-color: #f5f5f5;\" \/>\n<p><span style=\"color: #000000;\"><strong>Tip proizvoda:<\/strong><\/span> hidrantna emulzija.<\/p>\n<hr style=\"height: 1px; border-width: 0; color: #f5f5f5; background-color: #f5f5f5;\" \/>\n<p><span style=\"color: #000000;\"><strong>Kompatibilni proizvodi:<\/strong><\/span> sa svim preaparatima za negu lica iz kolekcije Natural Cosmetics by Dr Pecarski.<\/p>\n<hr style=\"height: 1px; border-width: 0; color: #f5f5f5; background-color: #f5f5f5;\" \/>\n<p><span style=\"color: #000000;\"><strong>Pakovanje:<\/strong> <\/span>30ml.<\/p>\n<hr style=\"height: 1px; border-width: 0; color: #f5f5f5; background-color: #f5f5f5;\" \/>\n<p><span style=\"color: #000000;\"><strong>Rok upotrebe nakon otvaranja pakovanja:<\/strong> <\/span>6 meseci.<\/p>\n<p><a href=\"https:\/\/melbi.rs\/wp-content\/uploads\/2026\/03\/6.-APPLE-STEM-CELL-ANTIRID-Eye-complex-30ml-bela-pumpica-i-Oaza-kutija.pdf\" target=\"_blank\" rel=\"noopener\"><strong>Preuzmite deklaraciju proizvoda<\/strong><\/a><\/p>","protected":false},"featured_media":7031,"template":"","meta":[],"product_brand":[],"product_cat":[251],"product_tag":[],"class_list":{"0":"post-3811","1":"product","2":"type-product","3":"status-publish","4":"has-post-thumbnail","6":"product_cat-maticne-celije-linija","8":"first","9":"instock","10":"sale","11":"shipping-taxable","12":"purchasable","13":"product-type-simple"},"_links":{"self":[{"href":"https:\/\/melbi.rs\/en\/wp-json\/wp\/v2\/product\/3811","targetHints":{"allow":["GET"]}}],"collection":[{"href":"https:\/\/melbi.rs\/en\/wp-json\/wp\/v2\/product"}],"about":[{"href":"https:\/\/melbi.rs\/en\/wp-json\/wp\/v2\/types\/product"}],"wp:featuredmedia":[{"embeddable":true,"href":"https:\/\/melbi.rs\/en\/wp-json\/wp\/v2\/media\/7031"}],"wp:attachment":[{"href":"https:\/\/melbi.rs\/en\/wp-json\/wp\/v2\/media?parent=3811"}],"wp:term":[{"taxonomy":"product_brand","embeddable":true,"href":"https:\/\/melbi.rs\/en\/wp-json\/wp\/v2\/product_brand?post=3811"},{"taxonomy":"product_cat","embeddable":true,"href":"https:\/\/melbi.rs\/en\/wp-json\/wp\/v2\/product_cat?post=3811"},{"taxonomy":"product_tag","embeddable":true,"href":"https:\/\/melbi.rs\/en\/wp-json\/wp\/v2\/product_tag?post=3811"}],"curies":[{"name":"wp","href":"https:\/\/api.w.org\/{rel}","templated":true}]}}