{"id":3809,"date":"2023-08-31T20:07:47","date_gmt":"2023-08-31T20:07:47","guid":{"rendered":"https:\/\/melbi.rs\/?post_type=product&#038;p=3809"},"modified":"2026-04-29T15:42:01","modified_gmt":"2026-04-29T13:42:01","slug":"hyaluron-infusion-facila-cream-50ml","status":"publish","type":"product","link":"https:\/\/melbi.rs\/en\/proizvod\/hyaluron-infusion-facila-cream-50ml\/","title":{"rendered":"Hyaluron Infusion Facila Cream 50ml"},"content":{"rendered":"","protected":false},"excerpt":{"rendered":"<p>\u201eNeedle \u2013 free\u201c hijaluronska kiselina glavni je dejstvuju\u0107i agens ove kreme. Krema sadr\u017ei jo\u0161 ceramide, ekstrakt aloje, ginka, manga, mandarine i tamarinda, aminokiseline, vitamine C, E, F, B5, B3 i beta glukan imuno kompleks.<\/p>\n<hr style=\"height: 1px; border-width: 0; color: #f5f5f5; background-color: #f5f5f5;\" \/>\n<p><span style=\"color: #000000;\"><strong>Sastojci:<\/strong><\/span> &#8222;needle free&#8220;kolagen &amp; elastin filer, hijaluronska kiselina LW i HW, ceramidi, biljan ulja, hidrogenizovani morskii kolagen.<\/p>\n<hr style=\"height: 1px; border-width: 0; color: #f5f5f5; background-color: #f5f5f5;\" \/>\n<p><span style=\"color: #000000;\"><strong>Tip ko\u017ee:<\/strong><\/span> svi tipovi dehidrirane ko\u017ee.<\/p>\n<hr style=\"height: 1px; border-width: 0; color: #f5f5f5; background-color: #f5f5f5;\" \/>\n<p><span style=\"color: #000000;\"><strong>Namena:<\/strong><\/span> hidrira, osve\u017eava, zate\u017ee.<\/p>\n<hr style=\"height: 1px; border-width: 0; color: #f5f5f5; background-color: #f5f5f5;\" \/>\n<p><span style=\"color: #000000;\"><strong>Primena:<\/strong> <\/span>naneti na o\u010di\u0161\u0107eno lice i utrljati kru\u017enim poktretima.<\/p>\n<hr style=\"height: 1px; border-width: 0; color: #f5f5f5; background-color: #f5f5f5;\" \/>\n<p><span style=\"color: #000000;\"><strong>Doba dana:<\/strong> <\/span>dan.<\/p>\n<hr style=\"height: 1px; border-width: 0; color: #f5f5f5; background-color: #f5f5f5;\" \/>\n<p><span style=\"color: #000000;\"><strong>Tip proizvoda:<\/strong><\/span> hidrantana emulzija.<\/p>\n<hr style=\"height: 1px; border-width: 0; color: #f5f5f5; background-color: #f5f5f5;\" \/>\n<p><span style=\"color: #000000;\"><strong>Kompatibilni proizvodi:<\/strong><\/span> u kobminaciji sa svim serumima, posebno sa Hyaluron infusion facial serum za max. Hidrataciju.<\/p>\n<hr style=\"height: 1px; border-width: 0; color: #f5f5f5; background-color: #f5f5f5;\" \/>\n<p><span style=\"color: #000000;\"><strong>Pakovanje:<\/strong> <\/span>50ml.<\/p>\n<hr style=\"height: 1px; border-width: 0; color: #f5f5f5; background-color: #f5f5f5;\" \/>\n<p><span style=\"color: #000000;\"><strong>Rok upotrebe nakon otvaranja pakovanja:<\/strong> <\/span>6 meseci.<\/p>\n<p><a href=\"https:\/\/melbi.rs\/wp-content\/uploads\/2026\/03\/5.-Hyaluron-Infusion-Facial-cream-50ml-i-kutija-teglica.pdf\" target=\"_blank\" rel=\"noopener\"><strong>Preuzmite deklaraciju proizvoda<\/strong><\/a><\/p>","protected":false},"featured_media":7049,"template":"","meta":[],"product_brand":[],"product_cat":[248],"product_tag":[],"class_list":{"0":"post-3809","1":"product","2":"type-product","3":"status-publish","4":"has-post-thumbnail","6":"product_cat-hyaluron-linija","8":"first","9":"instock","10":"shipping-taxable","11":"purchasable","12":"product-type-simple"},"_links":{"self":[{"href":"https:\/\/melbi.rs\/en\/wp-json\/wp\/v2\/product\/3809","targetHints":{"allow":["GET"]}}],"collection":[{"href":"https:\/\/melbi.rs\/en\/wp-json\/wp\/v2\/product"}],"about":[{"href":"https:\/\/melbi.rs\/en\/wp-json\/wp\/v2\/types\/product"}],"wp:featuredmedia":[{"embeddable":true,"href":"https:\/\/melbi.rs\/en\/wp-json\/wp\/v2\/media\/7049"}],"wp:attachment":[{"href":"https:\/\/melbi.rs\/en\/wp-json\/wp\/v2\/media?parent=3809"}],"wp:term":[{"taxonomy":"product_brand","embeddable":true,"href":"https:\/\/melbi.rs\/en\/wp-json\/wp\/v2\/product_brand?post=3809"},{"taxonomy":"product_cat","embeddable":true,"href":"https:\/\/melbi.rs\/en\/wp-json\/wp\/v2\/product_cat?post=3809"},{"taxonomy":"product_tag","embeddable":true,"href":"https:\/\/melbi.rs\/en\/wp-json\/wp\/v2\/product_tag?post=3809"}],"curies":[{"name":"wp","href":"https:\/\/api.w.org\/{rel}","templated":true}]}}