{"id":3801,"date":"2023-08-31T20:07:46","date_gmt":"2023-08-31T20:07:46","guid":{"rendered":"https:\/\/melbi.rs\/?post_type=product&#038;p=3801"},"modified":"2026-04-15T14:09:38","modified_gmt":"2026-04-15T12:09:38","slug":"clear-skin-mixture","status":"publish","type":"product","link":"https:\/\/melbi.rs\/en\/proizvod\/clear-skin-mixture\/","title":{"rendered":"Puryfing Face Mixture"},"content":{"rendered":"","protected":false},"excerpt":{"rendered":"<p>Mixtura je namenjena masnoj ko\u017ei i problemati\u010dnoj ko\u017ei<\/p>\n<hr style=\"height: 1px; border-width: 0; color: #f5f5f5; background-color: #f5f5f5;\" \/>\n<p><span style=\"color: #000000;\"><strong>Sastojci:<\/strong><\/span> cink oksid, talc, pantenol, ekstrakt aloje.<\/p>\n<hr style=\"height: 1px; border-width: 0; color: #f5f5f5; background-color: #f5f5f5;\" \/>\n<p><span style=\"color: #000000;\"><strong>Tip ko\u017ee:<\/strong><\/span> masna ko\u017ea sklona nesavr\u0161enostima.<\/p>\n<hr style=\"height: 1px; border-width: 0; color: #f5f5f5; background-color: #f5f5f5;\" \/>\n<p><span style=\"color: #000000;\"><strong>Namena:<\/strong><\/span> isu\u0161uje, umanjuje pore.<\/p>\n<hr style=\"height: 1px; border-width: 0; color: #f5f5f5; background-color: #f5f5f5;\" \/>\n<p><span style=\"color: #000000;\"><strong>Primena: <\/strong><\/span>Naneti ciljano na problematio\u010dnu zonu<\/p>\n<hr style=\"height: 1px; border-width: 0; color: #f5f5f5; background-color: #f5f5f5;\" \/>\n<p><span style=\"color: #000000;\"><strong>Doba dana:<\/strong> <\/span>no\u0107.<\/p>\n<hr style=\"height: 1px; border-width: 0; color: #f5f5f5; background-color: #f5f5f5;\" \/>\n<p><span style=\"color: #000000;\"><strong>Tip proizvoda:<\/strong><\/span> mixtura. Pre upotrebe promu\u0107kati!<\/p>\n<hr style=\"height: 1px; border-width: 0; color: #f5f5f5; background-color: #f5f5f5;\" \/>\n<p><span style=\"color: #000000;\"><strong>Kompatibilni proizvodi:<\/strong><\/span> Clear skin linija.<\/p>\n<hr style=\"height: 1px; border-width: 0; color: #f5f5f5; background-color: #f5f5f5;\" \/>\n<p><span style=\"color: #000000;\"><strong>Pakovanje:<\/strong> <\/span>120ml.<\/p>\n<hr style=\"height: 1px; border-width: 0; color: #f5f5f5; background-color: #f5f5f5;\" \/>\n<p><span style=\"color: #000000;\"><strong>Rok upotrebe nakon otvaranja pakovanja:<\/strong> <\/span>6 meseci.<\/p>\n<p><a href=\"https:\/\/melbi.rs\/wp-content\/uploads\/2026\/03\/9.-CLEAR-SKIN-mixture-120ml-bocica.pdf\" target=\"_blank\" rel=\"noopener\"><strong>Preuzmite deklaraciju proizvoda<\/strong><\/a><\/p>","protected":false},"featured_media":7174,"template":"","meta":[],"product_brand":[],"product_cat":[247],"product_tag":[],"class_list":{"0":"post-3801","1":"product","2":"type-product","3":"status-publish","4":"has-post-thumbnail","6":"product_cat-clear-skin-linija-za-masnu-kozu","8":"first","9":"instock","10":"shipping-taxable","11":"purchasable","12":"product-type-simple"},"_links":{"self":[{"href":"https:\/\/melbi.rs\/en\/wp-json\/wp\/v2\/product\/3801","targetHints":{"allow":["GET"]}}],"collection":[{"href":"https:\/\/melbi.rs\/en\/wp-json\/wp\/v2\/product"}],"about":[{"href":"https:\/\/melbi.rs\/en\/wp-json\/wp\/v2\/types\/product"}],"wp:featuredmedia":[{"embeddable":true,"href":"https:\/\/melbi.rs\/en\/wp-json\/wp\/v2\/media\/7174"}],"wp:attachment":[{"href":"https:\/\/melbi.rs\/en\/wp-json\/wp\/v2\/media?parent=3801"}],"wp:term":[{"taxonomy":"product_brand","embeddable":true,"href":"https:\/\/melbi.rs\/en\/wp-json\/wp\/v2\/product_brand?post=3801"},{"taxonomy":"product_cat","embeddable":true,"href":"https:\/\/melbi.rs\/en\/wp-json\/wp\/v2\/product_cat?post=3801"},{"taxonomy":"product_tag","embeddable":true,"href":"https:\/\/melbi.rs\/en\/wp-json\/wp\/v2\/product_tag?post=3801"}],"curies":[{"name":"wp","href":"https:\/\/api.w.org\/{rel}","templated":true}]}}