{"id":3799,"date":"2023-08-31T20:07:46","date_gmt":"2023-08-31T20:07:46","guid":{"rendered":"https:\/\/melbi.rs\/?post_type=product&#038;p=3799"},"modified":"2026-05-05T16:45:06","modified_gmt":"2026-05-05T14:45:06","slug":"clear-skin-gel-za-pranje-lica","status":"publish","type":"product","link":"https:\/\/melbi.rs\/en\/proizvod\/clear-skin-gel-za-pranje-lica\/","title":{"rendered":"Puryfing Face Wash Gel za pranje lica"},"content":{"rendered":"","protected":false},"excerpt":{"rendered":"<p>Gel za dubinsko \u010di\u0161\u0107enje lica koji uklanja ne\u010disto\u0107e, \u0161minku i vi\u0161ak sebuma bez isu\u0161ivanja ko\u017ee. Namenjen je masnoj i kombinovanoj ko\u017ei. Nakon primene gela ko\u017ea ostaje \u010dista i sve\u017ea, bez sjaja i ne\u010disto\u0107a. Bez ose\u0107aja zategnutosti nakon pranja.<\/p>\n<hr style=\"height: 1px; border-width: 0; color: #f5f5f5; background-color: #f5f5f5;\" \/>\n<p><span style=\"color: #000000;\"><strong>Sastojci:<\/strong><\/span> ekstarskt aloje, antimikrobni bisurfantakt koji nastaje fermentacijom kvasnica p\u0161enice i repice, niacinamid, benzoil peroksid.<\/p>\n<hr style=\"height: 1px; border-width: 0; color: #f5f5f5; background-color: #f5f5f5;\" \/>\n<p><span style=\"color: #000000;\"><strong>Tip ko\u017ee:<\/strong><\/span> me\u0161ovita i masna ko\u017ea.<\/p>\n<hr style=\"height: 1px; border-width: 0; color: #f5f5f5; background-color: #f5f5f5;\" \/>\n<p><span style=\"color: #000000;\"><strong>Namena:<\/strong><\/span> dubinski \u010disti, uklanja ne\u010disto\u0107e i ot\u010depljuje zapu\u0161ene pore<\/p>\n<hr style=\"height: 1px; border-width: 0; color: #f5f5f5; background-color: #f5f5f5;\" \/>\n<p><span style=\"color: #000000;\"><strong>Primena:<\/strong>\u00a0<\/span>utrljati kru\u017enim pokretima i ostaviti da deluje do 1 min, a zaim isprati mlakom vodom.<\/p>\n<hr style=\"height: 1px; border-width: 0; color: #f5f5f5; background-color: #f5f5f5;\" \/>\n<p><span style=\"color: #000000;\"><strong>Doba dana:<\/strong> <\/span>no\u0107.<\/p>\n<hr style=\"height: 1px; border-width: 0; color: #f5f5f5; background-color: #f5f5f5;\" \/>\n<p><span style=\"color: #000000;\"><strong>Tip proizvoda:<\/strong><\/span> hidrogel.<\/p>\n<hr style=\"height: 1px; border-width: 0; color: #f5f5f5; background-color: #f5f5f5;\" \/>\n<p><span style=\"color: #000000;\"><strong>Kompatibilni proizvodi: <\/strong><\/span>u kombinaciji sa svim Clear skin preparatima, kao i ostalim preparatima za me\u0161ovitu i masnu ko\u017eu. Prilikom primene preparata uraditi<em> patch<\/em> test na ko\u017ei (nanesite malu koli\u010dinu proizvoda na \u010distoj ko\u017ei, najbolje ispod pregiba lakta, i ostaviti idealno 24 h ili preko no\u0107i da se vidi da li ima senzibilizacije ko\u017ee na proizvod. U slu\u010daju crvenila i peckanja sprati proizvod sa ko\u017ee).<\/p>\n<hr style=\"height: 1px; border-width: 0; color: #f5f5f5; background-color: #f5f5f5;\" \/>\n<p><span style=\"color: #000000;\"><strong>Pakovanje:<\/strong> <\/span>200ml.<\/p>\n<hr style=\"height: 1px; border-width: 0; color: #f5f5f5; background-color: #f5f5f5;\" \/>\n<p><span style=\"color: #000000;\"><strong>Rok upotrebe nakon otvaranja pakovanja:<\/strong> <\/span>6 meseci.<\/p>\n<p><a href=\"https:\/\/melbi.rs\/wp-content\/uploads\/2026\/03\/12.-Gel-za-pranje-lica-200ml-bela-bocica.pdf\" target=\"_blank\" rel=\"noopener\"><strong>Preuzmite deklaraciju proizvoda<\/strong><\/a><\/p>","protected":false},"featured_media":7175,"template":"","meta":[],"product_brand":[],"product_cat":[247,256],"product_tag":[],"class_list":{"0":"post-3799","1":"product","2":"type-product","3":"status-publish","4":"has-post-thumbnail","6":"product_cat-clear-skin-linija-za-masnu-kozu","7":"product_cat-preparati-za-ciscenje-koze","9":"first","10":"instock","11":"shipping-taxable","12":"purchasable","13":"product-type-simple"},"_links":{"self":[{"href":"https:\/\/melbi.rs\/en\/wp-json\/wp\/v2\/product\/3799","targetHints":{"allow":["GET"]}}],"collection":[{"href":"https:\/\/melbi.rs\/en\/wp-json\/wp\/v2\/product"}],"about":[{"href":"https:\/\/melbi.rs\/en\/wp-json\/wp\/v2\/types\/product"}],"wp:featuredmedia":[{"embeddable":true,"href":"https:\/\/melbi.rs\/en\/wp-json\/wp\/v2\/media\/7175"}],"wp:attachment":[{"href":"https:\/\/melbi.rs\/en\/wp-json\/wp\/v2\/media?parent=3799"}],"wp:term":[{"taxonomy":"product_brand","embeddable":true,"href":"https:\/\/melbi.rs\/en\/wp-json\/wp\/v2\/product_brand?post=3799"},{"taxonomy":"product_cat","embeddable":true,"href":"https:\/\/melbi.rs\/en\/wp-json\/wp\/v2\/product_cat?post=3799"},{"taxonomy":"product_tag","embeddable":true,"href":"https:\/\/melbi.rs\/en\/wp-json\/wp\/v2\/product_tag?post=3799"}],"curies":[{"name":"wp","href":"https:\/\/api.w.org\/{rel}","templated":true}]}}