{"id":6893,"date":"2025-12-04T16:37:46","date_gmt":"2025-12-04T15:37:46","guid":{"rendered":"https:\/\/melbi.rs\/?page_id=6893"},"modified":"2026-03-25T09:29:56","modified_gmt":"2026-03-25T08:29:56","slug":"edukacija","status":"publish","type":"page","link":"https:\/\/melbi.rs\/en\/edukacija\/","title":{"rendered":"EDUKACIJA"},"content":{"rendered":"\t\t<div data-elementor-type=\"wp-page\" data-elementor-id=\"6893\" class=\"elementor elementor-6893\" data-elementor-post-type=\"page\">\n\t\t\t\t<div class=\"elementor-element elementor-element-b471b48 e-flex e-con-boxed e-con e-parent\" data-id=\"b471b48\" data-element_type=\"container\" data-e-type=\"container\">\n\t\t\t\t\t<div class=\"e-con-inner\">\n\t\t<div class=\"elementor-element elementor-element-8e0442d e-con-full e-flex e-con e-child\" data-id=\"8e0442d\" data-element_type=\"container\" data-e-type=\"container\">\n\t\t\t\t<div class=\"elementor-element elementor-element-230376f elementor-widget elementor-widget-heading\" data-id=\"230376f\" data-element_type=\"widget\" data-e-type=\"widget\" data-widget_type=\"heading.default\">\n\t\t\t\t<div class=\"elementor-widget-container\">\n\t\t\t\t\t<h5 class=\"elementor-heading-title elementor-size-default\">Obuka za kozmeti\u010dare <\/h5>\t\t\t\t<\/div>\n\t\t\t\t<\/div>\n\t\t\t\t<div class=\"elementor-element elementor-element-e026ca4 elementor-widget elementor-widget-heading\" data-id=\"e026ca4\" data-element_type=\"widget\" data-e-type=\"widget\" data-widget_type=\"heading.default\">\n\t\t\t\t<div class=\"elementor-widget-container\">\n\t\t\t\t\t<h2 class=\"elementor-heading-title elementor-size-default\">Postani sertifikovani kozmeti\u010dar!<\/h2>\t\t\t\t<\/div>\n\t\t\t\t<\/div>\n\t\t\t\t<div class=\"elementor-element elementor-element-fa74e74 elementor-widget elementor-widget-heading\" data-id=\"fa74e74\" data-element_type=\"widget\" data-e-type=\"widget\" data-widget_type=\"heading.default\">\n\t\t\t\t<div class=\"elementor-widget-container\">\n\t\t\t\t\t<h6 class=\"elementor-heading-title elementor-size-default\">Program za ozbiljnu prekvalifikaciju u beauty industriju - uz priznati sertifikat!<\/h6>\t\t\t\t<\/div>\n\t\t\t\t<\/div>\n\t\t\t\t<div class=\"elementor-element elementor-element-85661f1 elementor-widget elementor-widget-text-editor\" data-id=\"85661f1\" data-element_type=\"widget\" data-e-type=\"widget\" data-widget_type=\"text-editor.default\">\n\t\t\t\t<div class=\"elementor-widget-container\">\n\t\t\t\t\t\t\t\t\t<p>Program je kreiran za sve profesionalce koji \u017eele prekvalifikaciju i stabilnu karijeru u beauty industriji, uz podr\u0161ku mentora i realan, prakti\u010dni deo obuke u Kozmetolo\u0161ko edukativnom centru &#8222;Melbi&#8220;.<\/p><p>Do sada je kroz akreditovanu JPOA obuku pro\u0161lo 40 polaznica koje danas vode svoje salone ili rade kao profesionalni kozmeti\u010dari u salonima, na brodovima i u hotelskim spa centrima.<\/p>\t\t\t\t\t\t\t\t<\/div>\n\t\t\t\t<\/div>\n\t\t\t\t<\/div>\n\t\t<div class=\"elementor-element elementor-element-62d512b e-con-full e-flex e-con e-child\" data-id=\"62d512b\" data-element_type=\"container\" data-e-type=\"container\">\n\t\t\t\t<div class=\"elementor-element elementor-element-77efa44 elementor-widget elementor-widget-image\" data-id=\"77efa44\" data-element_type=\"widget\" data-e-type=\"widget\" data-widget_type=\"image.default\">\n\t\t\t\t<div class=\"elementor-widget-container\">\n\t\t\t\t\t\t\t\t\t\t\t\t\t\t\t<img fetchpriority=\"high\" decoding=\"async\" width=\"2560\" height=\"1707\" src=\"https:\/\/melbi.rs\/wp-content\/uploads\/2025\/08\/Jelena-Calasan-06720-scaled.jpg\" class=\"attachment-full size-full wp-image-6733\" alt=\"\" srcset=\"https:\/\/melbi.rs\/wp-content\/uploads\/2025\/08\/Jelena-Calasan-06720-scaled.jpg 2560w, https:\/\/melbi.rs\/wp-content\/uploads\/2025\/08\/Jelena-Calasan-06720-450x300.jpg 450w, https:\/\/melbi.rs\/wp-content\/uploads\/2025\/08\/Jelena-Calasan-06720-595x397.jpg 595w, https:\/\/melbi.rs\/wp-content\/uploads\/2025\/08\/Jelena-Calasan-06720-150x100.jpg 150w, https:\/\/melbi.rs\/wp-content\/uploads\/2025\/08\/Jelena-Calasan-06720-768x512.jpg 768w, https:\/\/melbi.rs\/wp-content\/uploads\/2025\/08\/Jelena-Calasan-06720-1536x1024.jpg 1536w, https:\/\/melbi.rs\/wp-content\/uploads\/2025\/08\/Jelena-Calasan-06720-2048x1365.jpg 2048w, https:\/\/melbi.rs\/wp-content\/uploads\/2025\/08\/Jelena-Calasan-06720-18x12.jpg 18w\" sizes=\"(max-width: 2560px) 100vw, 2560px\" \/>\t\t\t\t\t\t\t\t\t\t\t\t\t\t\t<\/div>\n\t\t\t\t<\/div>\n\t\t\t\t<\/div>\n\t\t\t\t\t<\/div>\n\t\t\t\t<\/div>\n\t\t<div class=\"elementor-element elementor-element-ec9c920 e-grid e-con-boxed e-con e-parent\" data-id=\"ec9c920\" data-element_type=\"container\" data-e-type=\"container\">\n\t\t\t\t\t<div class=\"e-con-inner\">\n\t\t\t\t<div class=\"elementor-element elementor-element-8c69c38 elementor-widget elementor-widget-text-editor\" data-id=\"8c69c38\" data-element_type=\"widget\" data-e-type=\"widget\" data-widget_type=\"text-editor.default\">\n\t\t\t\t<div class=\"elementor-widget-container\">\n\t\t\t\t\t\t\t\t\t<blockquote><p><em>Obuka koju vodi Milica Ignjatovi\u0107 mi je pomogla da steknem znanje koje mi je neophodno za rad u kozmeti\u010dkom salonu, stekla sam priznat sertifikat koji je uslov za rad u salonu i ostvarila sam svoju veliku \u017eelju da prakti\u010dno primenjujem svoje znanje. Po formalnom obrazovanju sam farmaceut i presre\u0107na samo zbog ove prilike za prekvalifikaciju. Malo je ovako stru\u010dnih i detaljnih programa na na\u0161im prostorima.<\/em> <span style=\"color: #000000;\"><strong>Jovana Aran\u0111elovi\u0107, Beograd<\/strong><\/span><\/p><\/blockquote>\t\t\t\t\t\t\t\t<\/div>\n\t\t\t\t<\/div>\n\t\t\t\t<div class=\"elementor-element elementor-element-77e3f38 elementor-widget elementor-widget-text-editor\" data-id=\"77e3f38\" data-element_type=\"widget\" data-e-type=\"widget\" data-widget_type=\"text-editor.default\">\n\t\t\t\t<div class=\"elementor-widget-container\">\n\t\t\t\t\t\t\t\t\t<blockquote><em>Radila sam kao farmaceut i ose\u0107ala sam da na mom poslu nema prostora za razvoj. Upisala sam program koji vodi Milica, jer mi je bio potreban pravi edukativni program, a ne jo\u0161 jedan kurs. Posle tri meseca imam sertifikat, i radim u salonu posao koji volim i koji mi daje energiju. Ovaj program mi je otvorio nova vrata za novi \u017eivotni pravac. Presre\u0107na sam :)<\/em> <span style=\"color: #000000;\"><strong>Jelena Milenkovi\u0107, Beograd<\/strong><\/span><\/blockquote>\t\t\t\t\t\t\t\t<\/div>\n\t\t\t\t<\/div>\n\t\t\t\t<div class=\"elementor-element elementor-element-8a6d498 elementor-widget elementor-widget-text-editor\" data-id=\"8a6d498\" data-element_type=\"widget\" data-e-type=\"widget\" data-widget_type=\"text-editor.default\">\n\t\t\t\t<div class=\"elementor-widget-container\">\n\t\t\t\t\t\t\t\t\t<blockquote><em>&#8222;Pre tri meseca radila sam u kancelariji. Danas radim sa ljubaznim klijentima koji dolaze kod mene da im negujem lice i imam profesiju koju volim :)<\/em> <span style=\"color: #000000;\"><strong>Marija Simi\u0107, Novi Sad<\/strong><\/span><\/blockquote>\t\t\t\t\t\t\t\t<\/div>\n\t\t\t\t<\/div>\n\t\t\t\t\t<\/div>\n\t\t\t\t<\/div>\n\t\t<div class=\"elementor-element elementor-element-c02ac6a e-flex e-con-boxed e-con e-parent\" data-id=\"c02ac6a\" data-element_type=\"container\" data-e-type=\"container\" data-settings=\"{&quot;background_background&quot;:&quot;classic&quot;}\">\n\t\t\t\t\t<div class=\"e-con-inner\">\n\t\t\t\t<div class=\"elementor-element elementor-element-e2b2cd1 elementor-widget elementor-widget-heading\" data-id=\"e2b2cd1\" data-element_type=\"widget\" data-e-type=\"widget\" data-widget_type=\"heading.default\">\n\t\t\t\t<div class=\"elementor-widget-container\">\n\t\t\t\t\t<h2 class=\"elementor-heading-title elementor-size-default\">\u0160ta je realno potrebno da bi prekvalifikacija u beauty industriji zaista uspela?<\/h2>\t\t\t\t<\/div>\n\t\t\t\t<\/div>\n\t\t\t\t<div class=\"elementor-element elementor-element-8f4eed9 elementor-widget elementor-widget-text-editor\" data-id=\"8f4eed9\" data-element_type=\"widget\" data-e-type=\"widget\" data-widget_type=\"text-editor.default\">\n\t\t\t\t<div class=\"elementor-widget-container\">\n\t\t\t\t\t\t\t\t\t<h5>Za ovakvu promenu potrebna su dva resursa:<\/h5><ol><li><strong>Podr\u0161ka iskustnog mentora &#8211; <\/strong>Mnoge na\u0161e prethodne polaznice su rekle da im je bilo izazovno da se prekvalifikuju i da onda same zapo\u010dnu posao, mnoge su lutale i eksperimentisale (naro\u010dito mo\u017ee biti izazovno ako nisi nikada radila u Beauty industriji).<\/li><li><strong>Jasan put i priznat sertifikat<\/strong><\/li><\/ol><h5>Dodatno:<\/h5><p>Prekvalifikacija mora da bude izvodljiva za tebe, uz tvoj postoje\u0107i posao.<br \/>Zato je teorijski deo online, a praksa je 2x nedeljno u salonu, u dogovoru sa tobom.<br \/><strong>Veoma va\u017eno: Sve u\u010di\u0161 uz mentorstvo i podr\u0161ku.<\/strong><\/p>\t\t\t\t\t\t\t\t<\/div>\n\t\t\t\t<\/div>\n\t\t\t\t\t<\/div>\n\t\t\t\t<\/div>\n\t\t<div class=\"elementor-element elementor-element-8a63efa e-flex e-con-boxed e-con e-parent\" data-id=\"8a63efa\" data-element_type=\"container\" data-e-type=\"container\">\n\t\t\t\t\t<div class=\"e-con-inner\">\n\t\t<div class=\"elementor-element elementor-element-742a800 e-con-full e-flex e-con e-child\" data-id=\"742a800\" data-element_type=\"container\" data-e-type=\"container\">\n\t\t\t\t<div class=\"elementor-element elementor-element-5785121 elementor-widget elementor-widget-heading\" data-id=\"5785121\" data-element_type=\"widget\" data-e-type=\"widget\" data-widget_type=\"heading.default\">\n\t\t\t\t<div class=\"elementor-widget-container\">\n\t\t\t\t\t<h2 class=\"elementor-heading-title elementor-size-default\">Ovo nije kurs.<\/h2>\t\t\t\t<\/div>\n\t\t\t\t<\/div>\n\t\t\t\t<div class=\"elementor-element elementor-element-53d27c5 elementor-widget elementor-widget-heading\" data-id=\"53d27c5\" data-element_type=\"widget\" data-e-type=\"widget\" data-widget_type=\"heading.default\">\n\t\t\t\t<div class=\"elementor-widget-container\">\n\t\t\t\t\t<h6 class=\"elementor-heading-title elementor-size-default\">Ovo je edukativni program koji ti poma\u017ee da uz na\u0161u podr\u0161ku u\u0111e\u0161 u industriju.<\/h6>\t\t\t\t<\/div>\n\t\t\t\t<\/div>\n\t\t\t\t<div class=\"elementor-element elementor-element-2fbe33a elementor-widget elementor-widget-heading\" data-id=\"2fbe33a\" data-element_type=\"widget\" data-e-type=\"widget\" data-widget_type=\"heading.default\">\n\t\t\t\t<div class=\"elementor-widget-container\">\n\t\t\t\t\t<h4 class=\"elementor-heading-title elementor-size-default\">Nema\u0161 iskustvo u kozmetici? <\/h4>\t\t\t\t<\/div>\n\t\t\t\t<\/div>\n\t\t\t\t<div class=\"elementor-element elementor-element-2288124 elementor-widget elementor-widget-text-editor\" data-id=\"2288124\" data-element_type=\"widget\" data-e-type=\"widget\" data-widget_type=\"text-editor.default\">\n\t\t\t\t<div class=\"elementor-widget-container\">\n\t\t\t\t\t\t\t\t\t<p>Nema problema. Dovoljna je samo tvoja \u017eelja za promenom i 8-10 sati nedeljno za slu\u0161anje lekcija i praksu.<\/p><h5><strong>\u00a0 \ud83c\udf93\u00a0\u00a0Tokom obuke nau\u010di\u0107e\u0161:<\/strong><\/h5><ul><li>Pripremu radnog prostora i bezbednost na radu<\/li><li>Gra\u0111u, funkciju i tipove ko\u017ee<\/li><li>Kozmeti\u010dke sirovine i preparate<\/li><li>Osnove dermatologije u primenjenoj kozmetologiji<\/li><li>Masa\u017eu lica, vrata i dekoltea<\/li><li>Profesionalne tretmane nege ko\u017ee prema tipu ko\u017ee<\/li><li>Aparaturne kozmeti\u010dke procedure (mikrodermoabrazija, mezoporacija, ultrazvu\u010dna \u0161patula, RF, kiseonik tretman)<\/li><li>Menad\u017ement i poslovanje u kozmetici<\/li><\/ul><p><strong>Obuka obuhvata:<\/strong>\u00a0teorijske i prakti\u010dne \u010dasove, rad na modelima koje mi obezbe\u0111ujemo, kompletnu opremu i preparate, ud\u017ebenik za u\u010denje, proveru znanja bez stresa i izradu sertifikata.<\/p>\t\t\t\t\t\t\t\t<\/div>\n\t\t\t\t<\/div>\n\t\t\t\t<\/div>\n\t\t<div class=\"elementor-element elementor-element-1a6164d e-con-full e-flex e-con e-child\" data-id=\"1a6164d\" data-element_type=\"container\" data-e-type=\"container\">\n\t\t\t\t<div class=\"elementor-element elementor-element-1785305 elementor-widget elementor-widget-image\" data-id=\"1785305\" data-element_type=\"widget\" data-e-type=\"widget\" data-widget_type=\"image.default\">\n\t\t\t\t<div class=\"elementor-widget-container\">\n\t\t\t\t\t\t\t\t\t\t\t\t\t\t\t<img decoding=\"async\" width=\"2048\" height=\"2560\" src=\"https:\/\/melbi.rs\/wp-content\/uploads\/2025\/08\/Jelena-Calasan-06726-scaled.jpg\" class=\"attachment-full size-full wp-image-6734\" alt=\"\" srcset=\"https:\/\/melbi.rs\/wp-content\/uploads\/2025\/08\/Jelena-Calasan-06726-scaled.jpg 2048w, https:\/\/melbi.rs\/wp-content\/uploads\/2025\/08\/Jelena-Calasan-06726-240x300.jpg 240w, https:\/\/melbi.rs\/wp-content\/uploads\/2025\/08\/Jelena-Calasan-06726-595x744.jpg 595w, https:\/\/melbi.rs\/wp-content\/uploads\/2025\/08\/Jelena-Calasan-06726-120x150.jpg 120w, https:\/\/melbi.rs\/wp-content\/uploads\/2025\/08\/Jelena-Calasan-06726-768x960.jpg 768w, https:\/\/melbi.rs\/wp-content\/uploads\/2025\/08\/Jelena-Calasan-06726-1229x1536.jpg 1229w, https:\/\/melbi.rs\/wp-content\/uploads\/2025\/08\/Jelena-Calasan-06726-1638x2048.jpg 1638w, https:\/\/melbi.rs\/wp-content\/uploads\/2025\/08\/Jelena-Calasan-06726-10x12.jpg 10w, https:\/\/melbi.rs\/wp-content\/uploads\/2025\/08\/Jelena-Calasan-06726-450x563.jpg 450w\" sizes=\"(max-width: 2048px) 100vw, 2048px\" \/>\t\t\t\t\t\t\t\t\t\t\t\t\t\t\t<\/div>\n\t\t\t\t<\/div>\n\t\t\t\t<\/div>\n\t\t\t\t\t<\/div>\n\t\t\t\t<\/div>\n\t\t<div class=\"elementor-element elementor-element-6b2dd18 e-flex e-con-boxed e-con e-parent\" data-id=\"6b2dd18\" data-element_type=\"container\" data-e-type=\"container\" data-settings=\"{&quot;background_background&quot;:&quot;classic&quot;}\">\n\t\t\t\t\t<div class=\"e-con-inner\">\n\t\t<div class=\"elementor-element elementor-element-18477ed e-con-full e-flex e-con e-child\" data-id=\"18477ed\" data-element_type=\"container\" data-e-type=\"container\">\n\t\t\t\t<div class=\"elementor-element elementor-element-2da5a69 elementor-widget elementor-widget-video\" data-id=\"2da5a69\" data-element_type=\"widget\" data-e-type=\"widget\" data-settings=\"{&quot;video_type&quot;:&quot;hosted&quot;,&quot;controls&quot;:&quot;yes&quot;}\" data-widget_type=\"video.default\">\n\t\t\t\t<div class=\"elementor-widget-container\">\n\t\t\t\t\t\t\t<div class=\"e-hosted-video elementor-wrapper elementor-open-inline\">\n\t\t\t\t\t<video class=\"elementor-video\" src=\"https:\/\/melbi.rs\/wp-content\/uploads\/2025\/12\/milica.mp4\" controls=\"\" preload=\"metadata\" controlsList=\"nodownload\"><\/video>\n\t\t\t\t<\/div>\n\t\t\t\t\t\t<\/div>\n\t\t\t\t<\/div>\n\t\t\t\t<\/div>\n\t\t<div class=\"elementor-element elementor-element-4b8c887 e-con-full e-flex e-con e-child\" data-id=\"4b8c887\" data-element_type=\"container\" data-e-type=\"container\">\n\t\t\t\t<div class=\"elementor-element elementor-element-2bf82f2 elementor-widget elementor-widget-heading\" data-id=\"2bf82f2\" data-element_type=\"widget\" data-e-type=\"widget\" data-widget_type=\"heading.default\">\n\t\t\t\t<div class=\"elementor-widget-container\">\n\t\t\t\t\t<h2 class=\"elementor-heading-title elementor-size-default\">Ako jo\u0161 nisi prelomila, \u017eelim da ti ka\u017eem:\n<\/h2>\t\t\t\t<\/div>\n\t\t\t\t<\/div>\n\t\t\t\t<div class=\"elementor-element elementor-element-2c22c40 elementor-widget elementor-widget-text-editor\" data-id=\"2c22c40\" data-element_type=\"widget\" data-e-type=\"widget\" data-widget_type=\"text-editor.default\">\n\t\t\t\t<div class=\"elementor-widget-container\">\n\t\t\t\t\t\t\t\t\t<p>Ok je da promeni\u0161 profesiju koja ti se vi\u0161e ne svi\u0111a :)<br \/>Ve\u0107ina mojih polaznica je tako odlu\u010dila i nije se pokajala.<br \/>\u0106ak 40% njih je odmah nakon ovog programa po\u010delo da radi u renomiranim kozmeti\u010dkim salonima, na Balkanu, ali i na brodovima i u ekskluzivnim svetskim hotelima.<br \/>Klijenti koji dolaze u ekskluzivne kozmetolo\u0161ke centre su prijatni i ljubazni, rastere\u0107eni, dolaze kod nas da u\u017eivaju, da se opuste, da u\u010dine ne\u0161to lepo za sebe i to je predivno u na\u0161oj profesiji.<br \/>Ti mo\u017ee\u0161 da se prekvalifikuje\u0161 i da bude\u0161 svaki dan okru\u017eena takvim ljudima.<br \/>Prekvalifikacija ne mora da zna\u010di \u201epo\u010dinjem ispo\u010detka\u201c. Ne mora\u0161 da ima\u0161 taj ose\u0107aj.<br \/>A ne mora\u0161 ni da se pla\u0161i\u0161 ulaska u novu industriju.<br \/>Zna\u0161 da ti je sertifikat obavezan i zna\u0161 da teorija nije dovoljna.<\/p>\t\t\t\t\t\t\t\t<\/div>\n\t\t\t\t<\/div>\n\t\t\t\t<\/div>\n\t\t\t\t\t<\/div>\n\t\t\t\t<\/div>\n\t\t<div class=\"elementor-element elementor-element-a967c9c e-flex e-con-boxed e-con e-parent\" data-id=\"a967c9c\" data-element_type=\"container\" data-e-type=\"container\">\n\t\t\t\t\t<div class=\"e-con-inner\">\n\t\t<div class=\"elementor-element elementor-element-978e2cb e-con-full e-flex e-con e-child\" data-id=\"978e2cb\" data-element_type=\"container\" data-e-type=\"container\">\n\t\t\t\t<div class=\"elementor-element elementor-element-3458b27 elementor-widget elementor-widget-heading\" data-id=\"3458b27\" data-element_type=\"widget\" data-e-type=\"widget\" data-widget_type=\"heading.default\">\n\t\t\t\t<div class=\"elementor-widget-container\">\n\t\t\t\t\t<h4 class=\"elementor-heading-title elementor-size-default\">Da ponovimo \u0161ta ovim programom dobija\u0161:<\/h4>\t\t\t\t<\/div>\n\t\t\t\t<\/div>\n\t\t\t\t<div class=\"elementor-element elementor-element-1dc1f9e elementor-widget elementor-widget-text-editor\" data-id=\"1dc1f9e\" data-element_type=\"widget\" data-e-type=\"widget\" data-widget_type=\"text-editor.default\">\n\t\t\t\t<div class=\"elementor-widget-container\">\n\t\t\t\t\t\t\t\t\t<p>\u2714 priznati sertifikat koji se priznaje u salonima<br \/>\u2714 realan rad u salonu, ne simulaciju\u00a0<br \/>\u2714 podr\u0161ku iskusnog mentora koji ispravlja gre\u0161ke i vodi te na tvom putu<\/p><p>Ako ve\u0107 zna\u0161 da \u017eeli\u0161 karijeru u beauty industriji, moj zadatak je da ti dam put koji vodi do prakse i do prvog klijenta.<\/p><p><strong>Vrednost kompletne obuke je <\/strong><strong>u visini jedne mese\u010dne plate iskusnog kozmeti\u010dara 1025 EUR<\/strong><strong>\u00a0<\/strong>i uklju\u010duje sve \u0161to ti je potrebno da u\u0111e\u0161 u industriju bez dodatnog ulaganja.<\/p><p>U beauty industriji po\u010detna mese\u010dna plata profesionalnog kozmeti\u010dara kre\u0107e se od 80.000 do 100.000 dinara i raste kako raste tvoje iskustvo ili ako odlu\u010di\u0161 da promeni\u0161 tr\u017ei\u0161te i nastavi\u0161 karijeru u inostranstvu ili na brodu.<br \/>Program je osmi\u0161ljen tako da uz redovan rad, fokus i posve\u0107enost na poslu, mo\u017ee\u0161 povratiti investiciju brzo, a znanje ti ostaje zauvek :)<\/p><p>Da li ve\u0107 vidi\u0161 sebe kako u septembru 2026. ima\u0161 svoje klijente? :)<\/p><p><strong>Zapo\u010dni svoj put ve\u0107 danas.<\/strong><br \/>Prijavi se popunjavanjem forme.<\/p><p>Odgovor dobija\u0161 u roku od 24h.<\/p><p>Radujem ti se!<\/p>\t\t\t\t\t\t\t\t<\/div>\n\t\t\t\t<\/div>\n\t\t\t\t<\/div>\n\t\t<div class=\"elementor-element elementor-element-311ebbc e-con-full e-flex e-con e-child\" data-id=\"311ebbc\" data-element_type=\"container\" data-e-type=\"container\">\n\t\t\t\t<div class=\"elementor-element elementor-element-d0199f4 elementor-button-align-stretch elementor-widget elementor-widget-form\" data-id=\"d0199f4\" data-element_type=\"widget\" data-e-type=\"widget\" data-settings=\"{&quot;step_next_label&quot;:&quot;\\u0421\\u043b\\u0435\\u0434\\u0435\\u045b\\u0438&quot;,&quot;step_previous_label&quot;:&quot;\\u041f\\u0440\\u0435\\u0442\\u0445\\u043e\\u0434\\u043d\\u0430&quot;,&quot;button_width&quot;:&quot;100&quot;,&quot;step_type&quot;:&quot;number_text&quot;,&quot;step_icon_shape&quot;:&quot;circle&quot;}\" data-widget_type=\"form.default\">\n\t\t\t\t<div class=\"elementor-widget-container\">\n\t\t\t\t\t\t\t<form class=\"elementor-form\" method=\"post\" name=\"New Form\" aria-label=\"New Form\">\n\t\t\t<input type=\"hidden\" name=\"post_id\" value=\"6893\"\/>\n\t\t\t<input type=\"hidden\" name=\"form_id\" value=\"d0199f4\"\/>\n\t\t\t<input type=\"hidden\" name=\"referer_title\" value=\"EDUKACIJA\" \/>\n\n\t\t\t\t\t\t\t<input type=\"hidden\" name=\"queried_id\" value=\"6893\"\/>\n\t\t\t\n\t\t\t<div class=\"elementor-form-fields-wrapper elementor-labels-above\">\n\t\t\t\t\t\t\t\t<div class=\"elementor-field-type-text elementor-field-group elementor-column elementor-field-group-name elementor-col-100\">\n\t\t\t\t\t\t\t\t\t\t\t\t<label for=\"form-field-name\" class=\"elementor-field-label\">\n\t\t\t\t\t\t\t\tIme i prezime\t\t\t\t\t\t\t<\/label>\n\t\t\t\t\t\t\t\t\t\t\t\t\t\t<input size=\"1\" type=\"text\" name=\"form_fields[name]\" id=\"form-field-name\" class=\"elementor-field elementor-size-sm  elementor-field-textual\">\n\t\t\t\t\t\t\t\t\t\t\t<\/div>\n\t\t\t\t\t\t\t\t<div class=\"elementor-field-type-text elementor-field-group elementor-column elementor-field-group-field_2adb529 elementor-col-100\">\n\t\t\t\t\t\t\t\t\t\t\t\t<label for=\"form-field-field_2adb529\" class=\"elementor-field-label\">\n\t\t\t\t\t\t\t\tBroj telefona\t\t\t\t\t\t\t<\/label>\n\t\t\t\t\t\t\t\t\t\t\t\t\t\t<input size=\"1\" type=\"text\" name=\"form_fields[field_2adb529]\" id=\"form-field-field_2adb529\" class=\"elementor-field elementor-size-sm  elementor-field-textual\">\n\t\t\t\t\t\t\t\t\t\t\t<\/div>\n\t\t\t\t\t\t\t\t<div class=\"elementor-field-type-email elementor-field-group elementor-column elementor-field-group-email elementor-col-100 elementor-field-required\">\n\t\t\t\t\t\t\t\t\t\t\t\t<label for=\"form-field-email\" class=\"elementor-field-label\">\n\t\t\t\t\t\t\t\tEmail adresa\t\t\t\t\t\t\t<\/label>\n\t\t\t\t\t\t\t\t\t\t\t\t\t\t<input size=\"1\" type=\"email\" name=\"form_fields[email]\" id=\"form-field-email\" class=\"elementor-field elementor-size-sm  elementor-field-textual\" required=\"required\">\n\t\t\t\t\t\t\t\t\t\t\t<\/div>\n\t\t\t\t\t\t\t\t<div class=\"elementor-field-type-textarea elementor-field-group elementor-column elementor-field-group-message elementor-col-100\">\n\t\t\t\t\t\t\t\t\t\t\t\t<label for=\"form-field-message\" class=\"elementor-field-label\">\n\t\t\t\t\t\t\t\tDa li imate neko pitanje za nas?\t\t\t\t\t\t\t<\/label>\n\t\t\t\t\t\t<textarea class=\"elementor-field-textual elementor-field  elementor-size-sm\" name=\"form_fields[message]\" id=\"form-field-message\" rows=\"4\"><\/textarea>\t\t\t\t<\/div>\n\t\t\t\t\t\t\t\t<div class=\"elementor-field-group elementor-column elementor-field-type-submit elementor-col-100 e-form__buttons\">\n\t\t\t\t\t<button class=\"elementor-button elementor-size-sm\" type=\"submit\">\n\t\t\t\t\t\t<span class=\"elementor-button-content-wrapper\">\n\t\t\t\t\t\t\t\t\t\t\t\t\t\t\t\t\t\t\t\t\t\t<span class=\"elementor-button-text\">Po\u0161aljite<\/span>\n\t\t\t\t\t\t\t\t\t\t\t\t\t<\/span>\n\t\t\t\t\t<\/button>\n\t\t\t\t<\/div>\n\t\t\t<\/div>\n\t\t<\/form>\n\t\t\t\t\t\t<\/div>\n\t\t\t\t<\/div>\n\t\t\t\t<div class=\"elementor-element elementor-element-e0e5c8d elementor-widget elementor-widget-text-editor\" data-id=\"e0e5c8d\" data-element_type=\"widget\" data-e-type=\"widget\" data-widget_type=\"text-editor.default\">\n\t\t\t\t<div class=\"elementor-widget-container\">\n\t\t\t\t\t\t\t\t\t<p><strong>Zapo\u010dni svoj put ve\u0107 danas.<\/strong><br \/>Prijavi se popunjavanjem forme.<br \/><strong>Odgovor dobija\u0161 u roku od 24h.\u00a0Radujemo ti se!<\/strong><\/p>\t\t\t\t\t\t\t\t<\/div>\n\t\t\t\t<\/div>\n\t\t\t\t<\/div>\n\t\t\t\t\t<\/div>\n\t\t\t\t<\/div>\n\t\t\t\t<\/div>\n\t\t","protected":false},"excerpt":{"rendered":"<p>Obuka za kozmeti\u010dare Postani sertifikovani kozmeti\u010dar! Program za ozbiljnu prekvalifikaciju u beauty industriju &#8211; uz priznati sertifikat! Program je kreiran za sve profesionalce koji \u017eele prekvalifikaciju i stabilnu karijeru u beauty industriji, uz podr\u0161ku mentora i realan, prakti\u010dni deo obuke u Kozmetolo\u0161ko edukativnom centru &#8222;Melbi&#8220;. Do sada je kroz akreditovanu JPOA obuku pro\u0161lo 40 polaznica [&hellip;]<\/p>\n","protected":false},"author":1,"featured_media":0,"parent":0,"menu_order":0,"comment_status":"closed","ping_status":"closed","template":"","meta":{"footnotes":""},"class_list":["post-6893","page","type-page","status-publish","hentry"],"_links":{"self":[{"href":"https:\/\/melbi.rs\/en\/wp-json\/wp\/v2\/pages\/6893","targetHints":{"allow":["GET"]}}],"collection":[{"href":"https:\/\/melbi.rs\/en\/wp-json\/wp\/v2\/pages"}],"about":[{"href":"https:\/\/melbi.rs\/en\/wp-json\/wp\/v2\/types\/page"}],"author":[{"embeddable":true,"href":"https:\/\/melbi.rs\/en\/wp-json\/wp\/v2\/users\/1"}],"replies":[{"embeddable":true,"href":"https:\/\/melbi.rs\/en\/wp-json\/wp\/v2\/comments?post=6893"}],"version-history":[{"count":19,"href":"https:\/\/melbi.rs\/en\/wp-json\/wp\/v2\/pages\/6893\/revisions"}],"predecessor-version":[{"id":7498,"href":"https:\/\/melbi.rs\/en\/wp-json\/wp\/v2\/pages\/6893\/revisions\/7498"}],"wp:attachment":[{"href":"https:\/\/melbi.rs\/en\/wp-json\/wp\/v2\/media?parent=6893"}],"curies":[{"name":"wp","href":"https:\/\/api.w.org\/{rel}","templated":true}]}}