{"id":4040,"date":"2023-09-06T14:52:48","date_gmt":"2023-09-06T12:52:48","guid":{"rendered":"https:\/\/melbi.rs\/?page_id=4040"},"modified":"2026-02-02T10:34:20","modified_gmt":"2026-02-02T09:34:20","slug":"informacije-o-dostavi","status":"publish","type":"page","link":"https:\/\/melbi.rs\/en\/informacije-o-dostavi\/","title":{"rendered":"Informacije o dostavi"},"content":{"rendered":"<div data-elementor-type=\"wp-page\" data-elementor-id=\"4040\" class=\"elementor elementor-4040\" data-elementor-post-type=\"page\">\n\t\t\t\t\t\t<section class=\"elementor-section elementor-top-section elementor-element elementor-element-dc9813 elementor-section-boxed elementor-section-height-default elementor-section-height-default\" data-id=\"dc9813\" data-element_type=\"section\" data-e-type=\"section\">\n\t\t\t\t\t\t<div class=\"elementor-container elementor-column-gap-default\">\n\t\t\t\t\t<div class=\"elementor-column elementor-col-100 elementor-top-column elementor-element elementor-element-64f1e7e\" data-id=\"64f1e7e\" data-element_type=\"column\" data-e-type=\"column\">\n\t\t\t<div class=\"elementor-widget-wrap elementor-element-populated\">\n\t\t\t\t\t\t\t<\/div>\n\t\t<\/div>\n\t\t\t\t\t<\/div>\n\t\t<\/section>\n\t\t\t\t<section class=\"elementor-section elementor-top-section elementor-element elementor-element-1f4182be elementor-section-boxed elementor-section-height-default elementor-section-height-default\" data-id=\"1f4182be\" data-element_type=\"section\" data-e-type=\"section\">\n\t\t\t\t\t\t<div class=\"elementor-container elementor-column-gap-default\">\n\t\t\t\t\t<div class=\"elementor-column elementor-col-100 elementor-top-column elementor-element elementor-element-268d984c\" data-id=\"268d984c\" data-element_type=\"column\" data-e-type=\"column\">\n\t\t\t<div class=\"elementor-widget-wrap elementor-element-populated\">\n\t\t\t\t\t\t<div class=\"elementor-element elementor-element-28ba860c elementor-widget elementor-widget-text-editor\" data-id=\"28ba860c\" data-element_type=\"widget\" data-e-type=\"widget\" data-widget_type=\"text-editor.default\">\n\t\t\t\t<div class=\"elementor-widget-container\">\n\t\t\t\t\t\t\t\t\t<p>Internet prodavnica\u00a0<b>www.melbi.rs <\/b>kojom upravlja pravno lice \u2013 firma<b> <strong>Zoran Ignjatovi\u0107 PR Kozmetolo\u0161ko edukativni centar i prodaja kozmeti\u010dkih proizvoda Melbi Beograd, PIB: 111506509, Mati\u010dni broj: 65462354, Adresa: Dobropoljska 65, Beograd \u2013 Savski Venac<\/strong><\/b>\u00a0ima potpisan ugovor sa\u00a0<b>Post Express<\/b>\u00a0kurirskom slu\u017ebom putem koje se vr\u0161i dostava na teritoriji Republike Srbije.<\/p><h3>Rokovi dostave<\/h3><p>Nakon \u0161to ste potvrdili narud\u017ebinu, dobi\u0107ete potvrdu naru\u010denih proizvoda na Va\u0161u e-mail adresu koju ste naveli prilikom kreiranja narud\u017ebine. Od tog trenutka sve narud\u017ebine primljene do 15 \u010dasova od ponedeljka do petka, okvirni rok isporuke je od 24h do 48h ( radni dani ) za celu teritoriju Republike Srbije.\u00a0<b>Uobi\u010dajeno vreme za dostavu je 2 radna dana.<\/b>\u00a0U slu\u010daju da je narud\u017ebina izvr\u0161ena preko vikenda (subotom i nedeljom), dostava se vr\u0161i kao i za narud\u017ebine primljene u ponedeljak \u2013 dakle idu\u0107i radni dan. Isporuke se ne vr\u0161e subotom i nedeljom.<\/p><h3>Preuzimanje po\u0161iljke<\/h3><p>Kuriri po\u0161iljke donose na adresu za isporuku u periodu od 8-16 h. Molimo Vas da u tom periodu obezbedite da na adresi bude osoba koja mo\u017ee preuzeti po\u0161iljku. Artikli \u0107e biti zapakovani tako da ne mogu biti o\u0161te\u0107eni uobi\u010dajenim rukovanjem robom u transportu. Prilikom preuzimanja po\u0161iljke potrebno je da vizuelno pregledate paket da slu\u010dajno ne postoje neka vidna o\u0161te\u0107enja. Ukoliko primetite da je transportna kutija zna\u010dajno o\u0161te\u0107ena i posumnjate da je proizvod mo\u017eda o\u0161te\u0107en, odbijte prijem po\u0161iljke i odmah nas obavestite. Ukoliko je po\u0161iljka naizgled bez o\u0161te\u0107enja slobodno preuzmite po\u0161iljku i potpi\u0161ite kuriru adresnicu.<\/p><p>Kurir svaku po\u0161iljku poku\u0161ava da uru\u010di u dva navrata. Uobi\u010dajena praksa je da Vas, ukoliko prva isporuka bude neuspe\u0161na, kurir pozove na telefon koji ste ostavili prilikom kreiranja narud\u017ebenice i ugovori novi termin za dostavu. Ukoliko Vas i tada ne prona\u0111e na adresi, po\u0161iljka \u0107e nam biti vra\u0107ena. Po prijemu po\u0161iljke, kontaktira\u0107emo Vas kako bi ustanovili razlog neuru\u010denja i dogovoriti se o ponovnom slanju.<\/p><h3>Cena dostave za teritoriju Republike Srbije<\/h3><p>Cena dostave za sve narud\u017ebine preko\u00a0<b>8.000,00<\/b>\u00a0rsd je besplatna! Za narud\u017ebine ispod\u00a0<b>8.000,00<\/b>\u00a0rsd dostava se napla\u0107uje\u00a0<b>450,00<\/b>\u00a0rsd, bez obzira na ukupan iznos porud\u017ebine.<\/p>\t\t\t\t\t\t\t\t<\/div>\n\t\t\t\t<\/div>\n\t\t\t\t\t<\/div>\n\t\t<\/div>\n\t\t\t\t\t<\/div>\n\t\t<\/section>\n\t\t\t\t<\/div>","protected":false},"excerpt":{"rendered":"<p>Internet prodavnica\u00a0www.melbi.rs kojom upravlja pravno lice \u2013 firma Zoran Ignjatovi\u0107 PR Kozmetolo\u0161ko edukativni centar i prodaja kozmeti\u010dkih proizvoda Melbi Beograd, PIB: 111506509, Mati\u010dni broj: 65462354, Adresa: Dobropoljska 65, Beograd \u2013 Savski Venac\u00a0ima potpisan ugovor sa\u00a0Post Express\u00a0kurirskom slu\u017ebom putem koje se vr\u0161i dostava na teritoriji Republike Srbije. Rokovi dostave Nakon \u0161to ste potvrdili narud\u017ebinu, dobi\u0107ete potvrdu [&hellip;]<\/p>\n","protected":false},"author":1,"featured_media":0,"parent":0,"menu_order":0,"comment_status":"closed","ping_status":"closed","template":"","meta":{"footnotes":""},"class_list":["post-4040","page","type-page","status-publish","hentry"],"_links":{"self":[{"href":"https:\/\/melbi.rs\/en\/wp-json\/wp\/v2\/pages\/4040","targetHints":{"allow":["GET"]}}],"collection":[{"href":"https:\/\/melbi.rs\/en\/wp-json\/wp\/v2\/pages"}],"about":[{"href":"https:\/\/melbi.rs\/en\/wp-json\/wp\/v2\/types\/page"}],"author":[{"embeddable":true,"href":"https:\/\/melbi.rs\/en\/wp-json\/wp\/v2\/users\/1"}],"replies":[{"embeddable":true,"href":"https:\/\/melbi.rs\/en\/wp-json\/wp\/v2\/comments?post=4040"}],"version-history":[{"count":3,"href":"https:\/\/melbi.rs\/en\/wp-json\/wp\/v2\/pages\/4040\/revisions"}],"predecessor-version":[{"id":7369,"href":"https:\/\/melbi.rs\/en\/wp-json\/wp\/v2\/pages\/4040\/revisions\/7369"}],"wp:attachment":[{"href":"https:\/\/melbi.rs\/en\/wp-json\/wp\/v2\/media?parent=4040"}],"curies":[{"name":"wp","href":"https:\/\/api.w.org\/{rel}","templated":true}]}}