{"id":4014,"date":"2023-09-06T14:41:39","date_gmt":"2023-09-06T12:41:39","guid":{"rendered":"https:\/\/melbi.rs\/?page_id=4014"},"modified":"2023-09-24T15:51:31","modified_gmt":"2023-09-24T13:51:31","slug":"nacin-placanja","status":"publish","type":"page","link":"https:\/\/melbi.rs\/en\/nacin-placanja\/","title":{"rendered":"Na\u010din pla\u0107anja"},"content":{"rendered":"<div data-elementor-type=\"wp-page\" data-elementor-id=\"4014\" class=\"elementor elementor-4014\" data-elementor-post-type=\"page\">\n\t\t\t\t\t\t<section class=\"elementor-section elementor-top-section elementor-element elementor-element-3b29756f elementor-section-boxed elementor-section-height-default elementor-section-height-default\" data-id=\"3b29756f\" data-element_type=\"section\" data-e-type=\"section\">\n\t\t\t\t\t\t<div class=\"elementor-container elementor-column-gap-default\">\n\t\t\t\t\t<div class=\"elementor-column elementor-col-100 elementor-top-column elementor-element elementor-element-164d8c23\" data-id=\"164d8c23\" data-element_type=\"column\" data-e-type=\"column\">\n\t\t\t<div class=\"elementor-widget-wrap elementor-element-populated\">\n\t\t\t\t\t\t\t<\/div>\n\t\t<\/div>\n\t\t\t\t\t<\/div>\n\t\t<\/section>\n\t\t\t\t<section class=\"elementor-section elementor-top-section elementor-element elementor-element-4432d894 elementor-section-boxed elementor-section-height-default elementor-section-height-default\" data-id=\"4432d894\" data-element_type=\"section\" data-e-type=\"section\">\n\t\t\t\t\t\t<div class=\"elementor-container elementor-column-gap-default\">\n\t\t\t\t\t<div class=\"elementor-column elementor-col-100 elementor-top-column elementor-element elementor-element-7948a8a6\" data-id=\"7948a8a6\" data-element_type=\"column\" data-e-type=\"column\">\n\t\t\t<div class=\"elementor-widget-wrap elementor-element-populated\">\n\t\t\t\t\t\t<div class=\"elementor-element elementor-element-6f402e0d elementor-widget elementor-widget-text-editor\" data-id=\"6f402e0d\" data-element_type=\"widget\" data-e-type=\"widget\" data-widget_type=\"text-editor.default\">\n\t\t\t\t<div class=\"elementor-widget-container\">\n\t\t\t\t\t\t\t\t\t<p>Ukoliko ste se odlu\u010dili za kupovinu na\u0161ih proizvoda putem sajta, pru\u017eamo vam mogu\u0107nost pla\u0107anja na tri razli\u010dita na\u010dina:<\/p><ul><li><b>Pla\u0107anje pouze\u0107em<\/b>\u00a0\u2013 Mo\u017eete platiti gotovinom prilikom preuzimanja po\u0161iljke<\/li><\/ul><ul><li><b>Avansno pla\u0107anje<\/b>\u00a0\u2013 Popunjavanjem uplatnice i uplatom na \u0161alteru bilo koje banke ili po\u0161te<\/li><\/ul><ul><li><b>Pla\u0107anje kreditnom karticom<\/b>\u00a0\u2013 Platnim karticama Visa, MasterCard, Dina, Maestro ili AmEx \u2013 TRENUTNO NEDOSTUPNO<\/li><\/ul><h3>Za\u0161tita poverljivih podataka o transakciji<\/h3><p>Prilikom uno\u0161enja podataka o platnoj kartici, poverljive informacija se prenose putem javne mre\u017ee u za\u0161ti\u0107enoj (kriptovanoj) formi upotrebom\u00a0<b>SSL protokola<\/b>\u00a0i\u00a0<b>PKI sistema<\/b>, kao trenutno najsavremenije kriptografske tehnologije.<\/p><p>Sigurnost podataka prilikom kupovine, garantuje procesor platnih kartica,\u00a0<b>Banca Intesa ad Beograd<\/b>, pa se tako kompletni proces naplate obavlja na stranicama banke. Niti jednog trenutka podaci o platnoj kartici nisu dostupni na\u0161em sistemu.<\/p><h3>Povra\u0107aj sredstava<\/h3><p>U slu\u010daju vra\u0107anja robe i povra\u0107aja sredstava kupcu koji je prethodno platio nekom od platnih kartica, delimi\u010dno ili u celosti, a bez obzira na razlog vra\u0107anja, firma <b><strong>Zoran Ignjatovi\u0107 PR Kozmetolo\u0161ko edukativni centar i prodaja kozmeti\u010dkih proizvoda Melbi Beograd, PIB: 111506509, Mati\u010dni broj: 65462354, Adresa: Dobropoljska 65, Beograd \u2013 Savski Venac,<\/strong><\/b>\u00a0je u obavezi da povra\u0107aj vr\u0161i isklju\u010divo preko VISA, EC\/MC i Maestro metoda pla\u0107anja, \u0161to zna\u010di da \u0107e banka na zahtev prodavca obaviti povra\u0107aj sredstava na ra\u010dun korisnika kartice.<\/p><h3>Izjava o konverziji<\/h3><p>Sva pla\u0107anja bi\u0107e izvr\u0161ena u lokalnoj valuti Republike Srbije \u2013 dinar (RSD). Za informativni prikaz cena u drugim valutama koristi se srednji kurs Narodne Banke Srbije. Iznos za koji \u0107e biti zadu\u017eena Va\u0161a platna kartica bi\u0107e izra\u017een u Va\u0161oj lokalnoj valuti kroz konverziju u istu po kursu koji koriste karti\u010darske organizacije, a koji nama u trenutku transakcije ne mo\u017ee biti poznat. Kao rezultat ove konverzije postoji mogu\u0107nost neznatne razlike od originalne cene navedene na na\u0161em sajtu.<\/p>\t\t\t\t\t\t\t\t<\/div>\n\t\t\t\t<\/div>\n\t\t\t\t\t<\/div>\n\t\t<\/div>\n\t\t\t\t\t<\/div>\n\t\t<\/section>\n\t\t\t\t<\/div>","protected":false},"excerpt":{"rendered":"<p>Ukoliko ste se odlu\u010dili za kupovinu na\u0161ih proizvoda putem sajta, pru\u017eamo vam mogu\u0107nost pla\u0107anja na tri razli\u010dita na\u010dina: Pla\u0107anje pouze\u0107em\u00a0\u2013 Mo\u017eete platiti gotovinom prilikom preuzimanja po\u0161iljke Avansno pla\u0107anje\u00a0\u2013 Popunjavanjem uplatnice i uplatom na \u0161alteru bilo koje banke ili po\u0161te Pla\u0107anje kreditnom karticom\u00a0\u2013 Platnim karticama Visa, MasterCard, Dina, Maestro ili AmEx \u2013 TRENUTNO NEDOSTUPNO Za\u0161tita poverljivih [&hellip;]<\/p>\n","protected":false},"author":1,"featured_media":0,"parent":0,"menu_order":0,"comment_status":"closed","ping_status":"closed","template":"","meta":{"footnotes":""},"class_list":["post-4014","page","type-page","status-publish","hentry"],"_links":{"self":[{"href":"https:\/\/melbi.rs\/en\/wp-json\/wp\/v2\/pages\/4014","targetHints":{"allow":["GET"]}}],"collection":[{"href":"https:\/\/melbi.rs\/en\/wp-json\/wp\/v2\/pages"}],"about":[{"href":"https:\/\/melbi.rs\/en\/wp-json\/wp\/v2\/types\/page"}],"author":[{"embeddable":true,"href":"https:\/\/melbi.rs\/en\/wp-json\/wp\/v2\/users\/1"}],"replies":[{"embeddable":true,"href":"https:\/\/melbi.rs\/en\/wp-json\/wp\/v2\/comments?post=4014"}],"version-history":[{"count":0,"href":"https:\/\/melbi.rs\/en\/wp-json\/wp\/v2\/pages\/4014\/revisions"}],"wp:attachment":[{"href":"https:\/\/melbi.rs\/en\/wp-json\/wp\/v2\/media?parent=4014"}],"curies":[{"name":"wp","href":"https:\/\/api.w.org\/{rel}","templated":true}]}}